{"id":584,"date":"2024-08-10T11:21:40","date_gmt":"2024-08-10T11:21:40","guid":{"rendered":"https:\/\/seoella.com\/?page_id=584"},"modified":"2024-08-10T11:26:00","modified_gmt":"2024-08-10T11:26:00","slug":"benutzungsbedingungen","status":"publish","type":"page","link":"https:\/\/seoella.com\/de\/terms-of-use\/","title":{"rendered":"Nutzungsbedingungen"},"content":{"rendered":"<div data-elementor-type=\"wp-page\" data-elementor-id=\"584\" class=\"elementor elementor-584\" data-elementor-settings=\"{&quot;ha_cmc_init_switcher&quot;:&quot;no&quot;,&quot;element_pack_global_tooltip_width&quot;:{&quot;unit&quot;:&quot;px&quot;,&quot;size&quot;:&quot;&quot;,&quot;sizes&quot;:[]},&quot;element_pack_global_tooltip_width_tablet&quot;:{&quot;unit&quot;:&quot;px&quot;,&quot;size&quot;:&quot;&quot;,&quot;sizes&quot;:[]},&quot;element_pack_global_tooltip_width_mobile&quot;:{&quot;unit&quot;:&quot;px&quot;,&quot;size&quot;:&quot;&quot;,&quot;sizes&quot;:[]},&quot;element_pack_global_tooltip_padding&quot;:{&quot;unit&quot;:&quot;px&quot;,&quot;top&quot;:&quot;&quot;,&quot;right&quot;:&quot;&quot;,&quot;bottom&quot;:&quot;&quot;,&quot;left&quot;:&quot;&quot;,&quot;isLinked&quot;:true},&quot;element_pack_global_tooltip_padding_tablet&quot;:{&quot;unit&quot;:&quot;px&quot;,&quot;top&quot;:&quot;&quot;,&quot;right&quot;:&quot;&quot;,&quot;bottom&quot;:&quot;&quot;,&quot;left&quot;:&quot;&quot;,&quot;isLinked&quot;:true},&quot;element_pack_global_tooltip_padding_mobile&quot;:{&quot;unit&quot;:&quot;px&quot;,&quot;top&quot;:&quot;&quot;,&quot;right&quot;:&quot;&quot;,&quot;bottom&quot;:&quot;&quot;,&quot;left&quot;:&quot;&quot;,&quot;isLinked&quot;:true},&quot;element_pack_global_tooltip_border_radius&quot;:{&quot;unit&quot;:&quot;px&quot;,&quot;top&quot;:&quot;&quot;,&quot;right&quot;:&quot;&quot;,&quot;bottom&quot;:&quot;&quot;,&quot;left&quot;:&quot;&quot;,&quot;isLinked&quot;:true},&quot;element_pack_global_tooltip_border_radius_tablet&quot;:{&quot;unit&quot;:&quot;px&quot;,&quot;top&quot;:&quot;&quot;,&quot;right&quot;:&quot;&quot;,&quot;bottom&quot;:&quot;&quot;,&quot;left&quot;:&quot;&quot;,&quot;isLinked&quot;:true},&quot;element_pack_global_tooltip_border_radius_mobile&quot;:{&quot;unit&quot;:&quot;px&quot;,&quot;top&quot;:&quot;&quot;,&quot;right&quot;:&quot;&quot;,&quot;bottom&quot;:&quot;&quot;,&quot;left&quot;:&quot;&quot;,&quot;isLinked&quot;:true}}\" data-elementor-post-type=\"page\">\n\t\t\t\t<div class=\"elementor-element elementor-element-9919aaa e-flex e-con-boxed e-con e-parent\" data-id=\"9919aaa\" data-element_type=\"container\" data-e-type=\"container\" data-settings=\"{&quot;_ha_eqh_enable&quot;:false}\">\n\t\t\t\t\t<div class=\"e-con-inner\">\n\t\t\t\t<div class=\"elementor-element elementor-element-9db2e2f elementor-widget elementor-widget-image\" data-id=\"9db2e2f\" data-element_type=\"widget\" data-e-type=\"widget\" data-widget_type=\"image.default\">\n\t\t\t\t<div class=\"elementor-widget-container\">\n\t\t\t\t\t\t\t\t\t\t\t\t\t\t\t<img loading=\"lazy\" decoding=\"async\" width=\"150\" height=\"150\" src=\"https:\/\/seoella.com\/wp-content\/uploads\/2024\/08\/Seoella-favicon-200-x-200-px-150x150.png\" class=\"attachment-thumbnail size-thumbnail wp-image-580\" alt=\"\" srcset=\"https:\/\/seoella.com\/wp-content\/uploads\/2024\/08\/Seoella-favicon-200-x-200-px-150x150.png 150w, https:\/\/seoella.com\/wp-content\/uploads\/2024\/08\/elementor\/thumbs\/Seoella-favicon-200-x-200-px-qsegpqdadhwyh678nwmzuonj1umcca1jgs5ug7v52s.png 50w, https:\/\/seoella.com\/wp-content\/uploads\/2024\/08\/Seoella-favicon-200-x-200-px.png 200w\" sizes=\"auto, (max-width: 150px) 100vw, 150px\" title=\"\">\t\t\t\t\t\t\t\t\t\t\t\t\t\t\t<\/div>\n\t\t\t\t<\/div>\n\t\t\t\t\t<\/div>\n\t\t\t\t<\/div>\n\t\t<div class=\"elementor-element elementor-element-60a4d25b e-flex e-con-boxed e-con e-parent\" data-id=\"60a4d25b\" data-element_type=\"container\" data-e-type=\"container\" data-settings=\"{&quot;_ha_eqh_enable&quot;:false}\">\n\t\t\t\t\t<div class=\"e-con-inner\">\n\t\t\t\t<div class=\"elementor-element elementor-element-7d5012c1 elementor-widget elementor-widget-text-editor\" data-id=\"7d5012c1\" data-element_type=\"widget\" data-e-type=\"widget\" data-widget_type=\"text-editor.default\">\n\t\t\t\t<div class=\"elementor-widget-container\">\n\t\t\t\t\t\t\t\t\t\n<p><strong>Nutzungsbedingungen<\/strong><\/p>\n<p><strong>Akzeptanz der Bedingungen:<\/strong> Willkommen auf der Website SeoElla.com oder \"Ella\" (die \"Website\"). Ella bietet seine Website und Dienstleistungen (zusammen die \"Dienstleistungen\") f\u00fcr Kunden und Besucher dieser Website (\"Sie\", \"Ihr\") unter diesen Bedingungen und seiner Datenschutzrichtlinie. Durch den Zugriff auf die Website oder die Nutzung der Dienste erkl\u00e4ren Sie sich mit diesen Nutzungsbedingungen und der dazugeh\u00f6rigen Datenschutzrichtlinie (zusammen die \"Bedingungen\") einverstanden und sind daran gebunden. Die Bedingungen regeln Ihren Zugang zu und Ihre Nutzung von Ella's Diensten, einschlie\u00dflich der Website und jeglicher Informationen, Texte oder Materialien, die hochgeladen, heruntergeladen oder auf den Diensten angezeigt werden (der \"Inhalt\"). Wenn Sie ein Kunde von Ella sind, erg\u00e4nzen die Bedingungen Ihren aktuellen Abonnementvertrag, soweit sie nicht im Widerspruch zu diesem stehen. Wenn Sie mit den Bedingungen nicht einverstanden sind, d\u00fcrfen Sie nicht auf die Website zugreifen oder diese nutzen. Sie k\u00f6nnen Ihre Vereinbarung mit Ella beenden, indem Sie Ihr Konto deaktivieren und Ihre Nutzung der Dienste einstellen.<\/p>\n<p>Ella beh\u00e4lt sich das Recht vor, die Bedingungen jederzeit zu aktualisieren oder zu \u00fcberarbeiten. Diese \u00c4nderungen werden nicht r\u00fcckwirkend sein. Wenn wir \u00c4nderungen an den Bedingungen vornehmen, werden die neuen Bedingungen auf der Website mit einem aktualisierten Datum der \"letzten \u00dcberarbeitung\" ver\u00f6ffentlicht. Die aktualisierten Nutzungsbedingungen gelten f\u00fcr jede Nutzung der Website ab dem Datum der Aktualisierung. Wir empfehlen Ihnen daher, die geltenden Bedingungen bei jeder Nutzung der Website zu \u00fcberpr\u00fcfen.<\/p>\n<p><strong>Zugang und Nutzung der Website:<\/strong> Ella-Kunden erhalten Zugang zur Website gem\u00e4\u00df den Bedingungen und dem jeweils g\u00fcltigen Abonnementvertrag. Allen anderen Nutzern wird der Zugang zu dieser Website gem\u00e4\u00df den Bedingungen und ausschlie\u00dflich zu dem Zweck gestattet, zu pr\u00fcfen, ob es w\u00fcnschenswert ist, Kunde von Ella zu werden. Der Zugriff auf die Website ist f\u00fcr tats\u00e4chliche oder potenzielle Konkurrenten von Ella nicht gestattet. Sie d\u00fcrfen die Website nicht f\u00fcr illegale oder unbefugte Zwecke nutzen und d\u00fcrfen bei der Nutzung der Website keine Gesetze verletzen, einschlie\u00dflich, aber nicht beschr\u00e4nkt auf geistiges Eigentum, unerlaubte Handlungen, Verleumdung oder andere anwendbare Gesetze.<\/p>\n<p><strong>F\u00fcr Kunden zug\u00e4ngliche Teile der Website:<\/strong> Bestimmte Teile der Website sind nur \u00fcber ein Passwort f\u00fcr bestehende Ella-Kunden zug\u00e4nglich. Wenn Sie kein Ella-Kunde sind, d\u00fcrfen Sie nicht auf diese Teile der Website zugreifen oder versuchen, darauf zuzugreifen. Wenn Sie ein Konto \u00fcber ein Online-Registrierungsverfahren er\u00f6ffnen, m\u00fcssen Sie das Registrierungsverfahren abschlie\u00dfen, indem Sie uns aktuelle, vollst\u00e4ndige und korrekte Informationen zur Verf\u00fcgung stellen, wie sie im entsprechenden Registrierungsformular verlangt werden. Sie w\u00e4hlen auch ein Passwort und einen Benutzernamen. Sie sind in vollem Umfang daf\u00fcr verantwortlich, Ihr Passwort und Ihr Konto vertraulich zu behandeln. Dar\u00fcber hinaus sind Sie f\u00fcr alle Aktivit\u00e4ten verantwortlich, die unter Ihrem Konto stattfinden. Sie verpflichten sich, Ella unverz\u00fcglich \u00fcber jede unbefugte Nutzung Ihres Kontos oder jede andere Verletzung der Sicherheit zu informieren. Ella haftet nicht f\u00fcr Verluste, die Sie erleiden, wenn eine andere Person Ihr Passwort oder Ihr Konto mit oder ohne Ihr Wissen benutzt. Sie k\u00f6nnen jedoch f\u00fcr Verluste haftbar gemacht werden, die Ella oder einer anderen Partei durch die Nutzung Ihres Kontos oder Passworts durch eine andere Person entstehen.<\/p>\n<p><strong>Vorbehalt der Rechte:<\/strong> Die Website ist das geistige Eigentum von Ella und\/oder ihren Lizenzgebern. Die \u00fcber die Website verf\u00fcgbaren Funktionen sind ebenfalls zum Patent angemeldet. Alle nicht ausdr\u00fccklich gew\u00e4hrten Rechte, Titel und Interessen in Bezug auf die Website sind vorbehalten. Alle \u00fcber die Website bereitgestellten Inhalte werden im Ist-Zustand und wie verf\u00fcgbar zur Verf\u00fcgung gestellt.<\/p>\n<p><strong>Links zu Websites von Dritten:<\/strong> Die Website kann Links zu Websites Dritter enthalten. Ella ist nicht verantwortlich f\u00fcr Inhalte, Produkte oder Dienstleistungen Dritter, die auf oder \u00fcber solche Websites Dritter angeboten werden, und Sie tragen alle Risiken, die mit dem Zugang und der Nutzung solcher Websites und Inhalte, Produkte und Dienstleistungen Dritter verbunden sind.<\/p>\n<p><strong>Vom Benutzer bereitgestelltes Material:<\/strong> Sie behalten Ihre Rechte an jeglichem Inhalt oder Material, das Sie auf oder \u00fcber die Website oder Dienste einreichen, ver\u00f6ffentlichen oder anzeigen. Indem Sie solche Inhalte oder Materialien \u00fcber die Dienste einreichen oder anzeigen, gew\u00e4hren Sie Ella und ihren verbundenen Unternehmen und Bevollm\u00e4chtigten ein weltweites, nicht-exklusives, geb\u00fchrenfreies, unbefristetes Lizenzrecht (und Unterlizenzen) zur Nutzung, Kopie, Reproduktion, Verarbeitung, Ver\u00f6ffentlichung, \u00dcbertragung, Anzeige oder Verteilung solcher Inhalte oder Materialien in jedem Medium, einschlie\u00dflich und ohne Einschr\u00e4nkung aller Blog-Kommentare und eingereichten Medien.<\/p>\n<p><strong>Ausschl\u00fcsse und Beendigungen:<\/strong> Ella beh\u00e4lt sich das Recht vor, Ihnen den Zugang zu allen oder einigen Diensten zu verweigern, Konten zu k\u00fcndigen oder den Zugang zu den Diensten nach eigenem Ermessen einzuschr\u00e4nken, ohne oder mit nur einem Grund, einschlie\u00dflich, aber nicht beschr\u00e4nkt auf, wenn Ella vern\u00fcnftigerweise der Meinung ist: (a) dass Sie gegen die Bedingungen versto\u00dfen haben; (b) dass Sie ein Risiko oder eine m\u00f6gliche rechtliche Belastung f\u00fcr Ella oder ihre Partner darstellen; (c) dass Ihr Konto ein ungesetzliches Verhalten aufweist; oder (d) dass Ihr Konto aufgrund l\u00e4ngerer Inaktivit\u00e4t entfernt werden sollte oder dass die Bereitstellung von Diensten f\u00fcr Sie nicht mehr wirtschaftlich ist. Ella wird sich angemessen bem\u00fchen, Sie \u00fcber einen solchen Ausschluss oder eine K\u00fcndigung zu informieren. In jedem Fall erlischt mit der K\u00fcndigung Ihre Lizenz zur Nutzung der Dienste.<\/p>\n<p><strong>Entsch\u00e4digung:<\/strong> Sie erkl\u00e4ren sich damit einverstanden, Ella, seine leitenden Angestellten, Direktoren, Mitarbeiter und Vertreter von allen Anspr\u00fcchen, Haftungen, Sch\u00e4den, Verlusten oder Ausgaben, einschlie\u00dflich angemessener Anwaltsgeb\u00fchren und -kosten, freizustellen und schadlos zu halten, die durch Inhalte oder Materialien, die Sie hochladen (\u00fcber Blog, Kontaktformular, Dashboard oder anderweitig), Ihre Verletzung der Nutzungsbedingungen f\u00fcr die Website oder Ihre Verletzung von Rechten Dritter entstehen.<\/p>\n<p><strong>Haftungsausschluss:<\/strong> SOFERN NICHT AUSDR\u00dcCKLICH ANDERS ANGEGEBEN, WERDEN DIE WEBSITE UND ALLE INHALTE, DIE AUF ODER \u00dcBER DIE WEBSITE ZUR VERF\u00dcGUNG GESTELLT WERDEN, OHNE M\u00c4NGELGEW\u00c4HR UND IN DER VORLIEGENDEN FORM BEREITGESTELLT. ELLA LEHNT AUSDR\u00dcCKLICH ALLE AUSDR\u00dcCKLICHEN ODER STILLSCHWEIGENDEN GEW\u00c4HRLEISTUNGEN JEGLICHER ART AB, EINSCHLIESSLICH, ABER NICHT BESCHR\u00c4NKT AUF DIE STILLSCHWEIGENDE GEW\u00c4HRLEISTUNG DER MARKTG\u00c4NGIGKEIT, DER EIGNUNG F\u00dcR EINEN BESTIMMTEN ZWECK UND DER NICHTVERLETZUNG VON RECHTEN DRITTER IN BEZUG AUF DIE WEBSITE UND ALLE AUF ODER \u00dcBER DIE WEBSITE BEREITGESTELLTEN INHALTE. ELLA \u00dcBERNIMMT KEINE GARANTIE DAF\u00dcR, DASS: (A) DIE WEBSITE ODER DER INHALT IHREN ANFORDERUNGEN ENTSPRICHT; (B) DIE WEBSITE UNUNTERBROCHEN, RECHTZEITIG, SICHER ODER FEHLERFREI ZUR VERF\u00dcGUNG STEHT; (C) DIE ERGEBNISSE, DIE DURCH DIE NUTZUNG DER WEBSITE ODER DES AUF ODER \u00dcBER DIE WEBSITE BEREITGESTELLTEN INHALTS ERZIELT WERDEN K\u00d6NNEN, GENAU ODER ZUVERL\u00c4SSIG SIND; (D) DIE DIENSTE IN KOMBINATION MIT ANDERER HARDWARE, SOFTWARE, SYSTEMEN ODER DATEN FUNKTIONIEREN; ODER (E) DIE QUALIT\u00c4T DES INHALTS, DEN SIE AUF ODER \u00dcBER DIE WEBSITE ERWORBEN ODER ERHALTEN HABEN, IHREN ERWARTUNGEN ENTSPRICHT.<\/p>\n<p>ALLE INHALTE, AUF DIE SIE ZUGREIFEN, DIE SIE HERUNTERLADEN ODER AUF ANDERE WEISE DURCH DIE NUTZUNG DER WEBSITE ERHALTEN, WERDEN NACH EIGENEM ERMESSEN UND AUF EIGENE GEFAHR VERWENDET. ELLA \u00dcBERNIMMT KEINE VERANTWORTUNG F\u00dcR SCH\u00c4DEN AN IHREM COMPUTERSYSTEM ODER DATENVERLUSTE, DIE DURCH DAS HERUNTERLADEN ODER DIE NUTZUNG VON INHALTEN ENTSTEHEN.<\/p>\n<p>ELLA BEH\u00c4LT SICH DAS RECHT VOR, JEDERZEIT UND OHNE VORANK\u00dcNDIGUNG \u00c4NDERUNGEN ODER AKTUALISIERUNGEN AN DER WEBSITE UND DEN AUF ODER \u00dcBER DIE WEBSITE BEREITGESTELLTEN INHALTEN VORZUNEHMEN UND DEREN NUTZUNG ZU \u00dcBERWACHEN.<\/p>\n<p><strong>Begrenzung der Haftung:<\/strong> IN KEINEM FALL HAFTET ELLA F\u00dcR DIREKTE, INDIREKTE, ZUF\u00c4LLIGE, BESONDERE ODER FOLGESCH\u00c4DEN ODER F\u00dcR SCH\u00c4DEN AUS GEWINN-, EINKOMMENS-, DATEN- ODER NUTZUNGSAUSFALL, DIE IHNEN ODER EINEM DRITTEN AUFGRUND IHRES ZUGRIFFS AUF ODER IHRER NUTZUNG DER WEBSITE ODER VON INHALTEN, DIE AUF ODER \u00dcBER DIE WEBSITE BEREITGESTELLT WERDEN, ENTSTANDEN SIND, UNABH\u00c4NGIG DAVON, OB ES SICH UM EINE VERTRAGS- ODER DELIKTSKLAGE HANDELT.<\/p>\n<p><strong>Ausschl\u00fcsse und Beschr\u00e4nkungen:<\/strong> IN EINIGEN GERICHTSBARKEITEN IST DER AUSSCHLUSS BESTIMMTER GARANTIEN ODER DER AUSSCHLUSS, DIE AUSNAHME ODER DIE BESCHR\u00c4NKUNG BESTIMMTER HAFTUNGEN NICHT ZUL\u00c4SSIG. IN DEM MASSE, IN DEM SIE F\u00dcR RECHTLICH UNG\u00dcLTIG GEHALTEN WERDEN, GELTEN DIE IN DIESEN NUTZUNGSBEDINGUNGEN DARGELEGTEN HAFTUNGSAUSSCHL\u00dcSSE, AUSSCHL\u00dcSSE UND BESCHR\u00c4NKUNGEN, EINSCHLIESSLICH DER IN DEN ABSCHNITTEN 9 UND 10 DARGELEGTEN, NICHT, UND ALLE ANDEREN BEDINGUNGEN BLEIBEN IN VOLLEM UMFANG IN KRAFT.<\/p>\n<p><strong>Minderj\u00e4hrige:<\/strong> Diese Website richtet sich nicht an Minderj\u00e4hrige, Minderj\u00e4hrige sind nicht berechtigt, die Website zu nutzen, und wir bitten sie, keine Informationen an uns zu \u00fcbermitteln. Zur Vermeidung von Zweifeln ist es nur Erwachsenen \u00fcber achtzehn (18) Jahren gestattet, die Website zu nutzen oder auf die Dienste zuzugreifen.<\/p>\n<p><strong>Urheberrecht\/Markenzeichen:<\/strong> Ella, SEO Ella, Ella AI, Ella AI for SEO und das Ella-Logo sind angemeldete Warenzeichen von Seode Global AB. Andere Namen, die auf der Website erscheinen, k\u00f6nnen Marken der jeweiligen Eigent\u00fcmer sein. Dementsprechend bleiben die Website, die Dienstleistungen und alle Marken, Logos, Dom\u00e4nennamen, Software, unverwechselbare Markenmerkmale oder Eigentumsrechte das ausschlie\u00dfliche Eigentum von Ella und\/oder den jeweiligen Eigent\u00fcmern. Ella gew\u00e4hrt Ihnen eine pers\u00f6nliche, weltweite, geb\u00fchrenfreie, nicht abtretbare und nicht exklusive Lizenz zur Nutzung der Website und der Software in Verbindung mit den Diensten in der durch diese Bedingungen erlaubten Weise.<\/p>\n<p><strong>Abrechnungs-, Erstattungs- und Stornierungsrichtlinien<\/strong><\/p>\n<p>14.a. <strong>\u00dcber Ella Software:<\/strong> Das Mitglied kann k\u00fcnftige Geb\u00fchren stornieren, indem es sein Abonnement auf der Registerkarte \"Abrechnung\" k\u00fcndigt. Klicken Sie dort auf \"W\u00e4hlen Sie einen anderen Tarif\". Klicken Sie dann auf die Schaltfl\u00e4che \"Ihr Abonnement k\u00fcndigen\" am unteren Rand des Bildschirms.<\/p>\n<p>Nach dem Abschluss des Abonnements wird dem Nutzer der Betrag f\u00fcr seinen Plan in Rechnung gestellt und danach alle 30 Tage bis zur K\u00fcndigung.<\/p>\n<p><strong>Alle Zahlungen sind nicht erstattungsf\u00e4hig.<\/strong> Das bedeutet, dass die anf\u00e4ngliche Zahlung nicht zur\u00fcckerstattet wird, nachdem die Zahlung abgeschlossen und die Mitgliedschaft aktiviert wurde.<\/p>\n<p>Wenn Sie sich anmelden, erm\u00e4chtigen Sie Ella, Ihnen alle 30 Tage eine Rechnung zu stellen, bis Ihr Abonnement gek\u00fcndigt wird.<\/p>\n<p>Benutzer k\u00f6nnen ihr Abonnement jederzeit k\u00fcndigen. Um Ihr Abonnement zu k\u00fcndigen, melden Sie sich bitte bei Ella an und klicken Sie auf die Registerkarte \"Abrechnung\". Klicken Sie dort auf \"W\u00e4hlen Sie einen anderen Plan\". Klicken Sie dann auf die Schaltfl\u00e4che \"Abonnement k\u00fcndigen\" am unteren Rand des Bildschirms.<\/p>\n<p>14.b. <strong>On Ella Dienstleistungen und Beratung:<\/strong> Alle Verk\u00e4ufe von Ella Consulting und Services sind 100% endg\u00fcltig und nicht erstattungsf\u00e4hig. Diese werden unter keinen Umst\u00e4nden zur\u00fcckerstattet werden.<\/p>\n\t\t\t\t\t\t\t\t<\/div>\n\t\t\t\t<\/div>\n\t\t\t\t\t<\/div>\n\t\t\t\t<\/div>\n\t\t\t\t<\/div>","protected":false},"excerpt":{"rendered":"<p>Terms of Use Acceptance of Terms: Welcome to SeoElla.com or \u201cElla\u201d website (the \u201cSite\u201d). Ella provides its Site and services (collectively, the [&hellip;]<\/p>\n","protected":false},"author":3,"featured_media":0,"parent":0,"menu_order":0,"comment_status":"closed","ping_status":"closed","template":"","meta":{"footnotes":""},"class_list":["post-584","page","type-page","status-publish","hentry"],"_links":{"self":[{"href":"https:\/\/seoella.com\/de\/wp-json\/wp\/v2\/pages\/584","targetHints":{"allow":["GET"]}}],"collection":[{"href":"https:\/\/seoella.com\/de\/wp-json\/wp\/v2\/pages"}],"about":[{"href":"https:\/\/seoella.com\/de\/wp-json\/wp\/v2\/types\/page"}],"author":[{"embeddable":true,"href":"https:\/\/seoella.com\/de\/wp-json\/wp\/v2\/users\/3"}],"replies":[{"embeddable":true,"href":"https:\/\/seoella.com\/de\/wp-json\/wp\/v2\/comments?post=584"}],"version-history":[{"count":0,"href":"https:\/\/seoella.com\/de\/wp-json\/wp\/v2\/pages\/584\/revisions"}],"wp:attachment":[{"href":"https:\/\/seoella.com\/de\/wp-json\/wp\/v2\/media?parent=584"}],"curies":[{"name":"wp","href":"https:\/\/api.w.org\/{rel}","templated":true}]}}