{"id":1533,"date":"2025-02-20T02:28:37","date_gmt":"2025-02-20T02:28:37","guid":{"rendered":"https:\/\/seoella.com\/?page_id=1533"},"modified":"2025-02-20T02:57:50","modified_gmt":"2025-02-20T02:57:50","slug":"lp","status":"publish","type":"page","link":"https:\/\/seoella.com\/fr\/lp\/","title":{"rendered":"lp"},"content":{"rendered":"<div data-elementor-type=\"wp-page\" data-elementor-id=\"1533\" class=\"elementor elementor-1533\" data-elementor-settings=\"{&quot;ha_cmc_init_switcher&quot;:&quot;no&quot;,&quot;element_pack_global_tooltip_width&quot;:{&quot;unit&quot;:&quot;px&quot;,&quot;size&quot;:&quot;&quot;,&quot;sizes&quot;:[]},&quot;element_pack_global_tooltip_width_tablet&quot;:{&quot;unit&quot;:&quot;px&quot;,&quot;size&quot;:&quot;&quot;,&quot;sizes&quot;:[]},&quot;element_pack_global_tooltip_width_mobile&quot;:{&quot;unit&quot;:&quot;px&quot;,&quot;size&quot;:&quot;&quot;,&quot;sizes&quot;:[]},&quot;element_pack_global_tooltip_padding&quot;:{&quot;unit&quot;:&quot;px&quot;,&quot;top&quot;:&quot;&quot;,&quot;right&quot;:&quot;&quot;,&quot;bottom&quot;:&quot;&quot;,&quot;left&quot;:&quot;&quot;,&quot;isLinked&quot;:true},&quot;element_pack_global_tooltip_padding_tablet&quot;:{&quot;unit&quot;:&quot;px&quot;,&quot;top&quot;:&quot;&quot;,&quot;right&quot;:&quot;&quot;,&quot;bottom&quot;:&quot;&quot;,&quot;left&quot;:&quot;&quot;,&quot;isLinked&quot;:true},&quot;element_pack_global_tooltip_padding_mobile&quot;:{&quot;unit&quot;:&quot;px&quot;,&quot;top&quot;:&quot;&quot;,&quot;right&quot;:&quot;&quot;,&quot;bottom&quot;:&quot;&quot;,&quot;left&quot;:&quot;&quot;,&quot;isLinked&quot;:true},&quot;element_pack_global_tooltip_border_radius&quot;:{&quot;unit&quot;:&quot;px&quot;,&quot;top&quot;:&quot;&quot;,&quot;right&quot;:&quot;&quot;,&quot;bottom&quot;:&quot;&quot;,&quot;left&quot;:&quot;&quot;,&quot;isLinked&quot;:true},&quot;element_pack_global_tooltip_border_radius_tablet&quot;:{&quot;unit&quot;:&quot;px&quot;,&quot;top&quot;:&quot;&quot;,&quot;right&quot;:&quot;&quot;,&quot;bottom&quot;:&quot;&quot;,&quot;left&quot;:&quot;&quot;,&quot;isLinked&quot;:true},&quot;element_pack_global_tooltip_border_radius_mobile&quot;:{&quot;unit&quot;:&quot;px&quot;,&quot;top&quot;:&quot;&quot;,&quot;right&quot;:&quot;&quot;,&quot;bottom&quot;:&quot;&quot;,&quot;left&quot;:&quot;&quot;,&quot;isLinked&quot;:true}}\" data-elementor-post-type=\"page\">\n\t\t\t\t<div class=\"elementor-element elementor-element-2a891530 e-flex e-con-boxed e-con e-parent\" data-id=\"2a891530\" data-element_type=\"container\" data-e-type=\"container\" data-settings=\"{&quot;_ha_eqh_enable&quot;:false}\">\n\t\t\t\t\t<div class=\"e-con-inner\">\n\t\t<div class=\"elementor-element elementor-element-68c71e41 e-con-full e-flex e-con e-child\" data-id=\"68c71e41\" data-element_type=\"container\" data-e-type=\"container\" data-settings=\"{&quot;_ha_eqh_enable&quot;:false}\">\n\t\t\t\t<div class=\"elementor-element elementor-element-93d7231 elementor-widget__width-initial elementor-widget-tablet__width-initial elementor-widget-mobile__width-inherit elementor-widget elementor-widget-highlighted-text\" data-id=\"93d7231\" data-element_type=\"widget\" data-e-type=\"widget\" data-settings=\"{&quot;_animation&quot;:&quot;none&quot;,&quot;_animation_delay&quot;:150,&quot;ha_floating_fx&quot;:&quot;yes&quot;,&quot;_animation_mobile&quot;:&quot;none&quot;}\" data-widget_type=\"highlighted-text.default\">\n\t\t\t\t<div class=\"elementor-widget-container\">\n\t\t\t\t\t        <h1 class=\"ui-e--highlighted-text\">\n            <span class=\"ui-e-headline-text elementor-repeater-item-df16fe5\">Optimisation du r\u00e9f\u00e9rencement<\/span><span class=\"ui-e-headline-text elementor-repeater-item-ae7f026 ui-e-headline-stroke6\">\n\t\t\t\t\t\t\t\t\t<span class=\"whitespace\"><\/span>\n                                    <span>\n                                        <span class=\"ui-e-headline-text ui-e-headline-highlighted\">Propuls\u00e9 par l'IA<\/span><span class=\"uicore-svg-wrapper\"><svg xmlns=\"http:\/\/www.w3.org\/2000\/svg\" viewbox=\"0 0 500 150\" preserveaspectratio=\"none\"><path d='M14.4,111.6c0,0,202.9-33.7,471.2,0c0,0-194-8.9-397.3,24.7c0,0,141.9-5.9,309.2,0' \/><\/svg><\/span><\/span> <span class=\"whitespace\"> <\/span><\/span>        <\/h1>\n    \t\t\t\t<\/div>\n\t\t\t\t<\/div>\n\t\t\t\t<div class=\"elementor-element elementor-element-119177a8 elementor-widget__width-initial elementor-widget elementor-widget-text-editor\" data-id=\"119177a8\" data-element_type=\"widget\" data-e-type=\"widget\" data-widget_type=\"text-editor.default\">\n\t\t\t\t<div class=\"elementor-widget-container\">\n\t\t\t\t\t\t\t\t\t<p>La plupart des entreprises n'ont pas le temps de g\u00e9rer le r\u00e9f\u00e9rencement - modifier les balises m\u00e9ta, corriger les liens et se tenir au courant des changements d'algorithmes. Ella automatise tous les processus de&nbsp;<\/p>\t\t\t\t\t\t\t\t<\/div>\n\t\t\t\t<\/div>\n\t\t<div class=\"elementor-element elementor-element-39b61c59 e-con-full e-flex e-con e-child\" data-id=\"39b61c59\" data-element_type=\"container\" data-e-type=\"container\" data-settings=\"{&quot;_ha_eqh_enable&quot;:false}\">\n\t\t\t\t<div class=\"elementor-element elementor-element-4cba4fe1 elementor-widget__width-auto elementor-hidden-mobile elementor-invisible elementor-widget elementor-widget-image\" data-id=\"4cba4fe1\" data-element_type=\"widget\" data-e-type=\"widget\" data-settings=\"{&quot;_animation&quot;:&quot;fadeInUp&quot;,&quot;_animation_delay&quot;:100}\" data-widget_type=\"image.default\">\n\t\t\t\t<div class=\"elementor-widget-container\">\n\t\t\t\t\t\t\t\t\t\t\t\t\t\t\t<img loading=\"lazy\" decoding=\"async\" width=\"486\" height=\"298\" src=\"https:\/\/seoella.com\/wp-content\/uploads\/2025\/02\/Dashboard-2-1.png\" class=\"attachment-full size-full wp-image-1538\" alt=\"\" srcset=\"https:\/\/seoella.com\/wp-content\/uploads\/2025\/02\/Dashboard-2-1.png 486w, https:\/\/seoella.com\/wp-content\/uploads\/2025\/02\/Dashboard-2-1-300x184.png 300w, https:\/\/seoella.com\/wp-content\/uploads\/2025\/02\/Dashboard-2-1-18x12.png 18w\" sizes=\"auto, (max-width: 486px) 100vw, 486px\" title=\"\">\t\t\t\t\t\t\t\t\t\t\t\t\t\t\t<\/div>\n\t\t\t\t<\/div>\n\t\t\t\t<div class=\"elementor-element elementor-element-49f6e15b elementor-widget__width-auto elementor-absolute elementor-widget-tablet__width-initial elementor-widget-mobile__width-initial elementor-hidden-mobile elementor-invisible elementor-widget elementor-widget-image\" data-id=\"49f6e15b\" data-element_type=\"widget\" data-e-type=\"widget\" data-settings=\"{&quot;_position&quot;:&quot;absolute&quot;,&quot;_animation&quot;:&quot;fadeInUp&quot;,&quot;_animation_delay&quot;:200}\" data-widget_type=\"image.default\">\n\t\t\t\t<div class=\"elementor-widget-container\">\n\t\t\t\t\t\t\t\t\t\t\t\t\t\t\t<img loading=\"lazy\" decoding=\"async\" width=\"843\" height=\"472\" src=\"https:\/\/seoella.com\/wp-content\/uploads\/2025\/02\/Dasboard-3.png\" class=\"attachment-full size-full wp-image-1540\" alt=\"\" srcset=\"https:\/\/seoella.com\/wp-content\/uploads\/2025\/02\/Dasboard-3.png 843w, https:\/\/seoella.com\/wp-content\/uploads\/2025\/02\/Dasboard-3-300x168.png 300w, https:\/\/seoella.com\/wp-content\/uploads\/2025\/02\/Dasboard-3-768x430.png 768w, https:\/\/seoella.com\/wp-content\/uploads\/2025\/02\/Dasboard-3-18x10.png 18w, https:\/\/seoella.com\/wp-content\/uploads\/2025\/02\/Dasboard-3-650x364.png 650w\" sizes=\"auto, (max-width: 843px) 100vw, 843px\" title=\"\">\t\t\t\t\t\t\t\t\t\t\t\t\t\t\t<\/div>\n\t\t\t\t<\/div>\n\t\t\t\t<div class=\"elementor-element elementor-element-2e6877f3 elementor-widget__width-auto elementor-invisible elementor-widget elementor-widget-image\" data-id=\"2e6877f3\" data-element_type=\"widget\" data-e-type=\"widget\" data-settings=\"{&quot;_animation&quot;:&quot;fadeInUp&quot;,&quot;_animation_delay&quot;:400}\" data-widget_type=\"image.default\">\n\t\t\t\t<div class=\"elementor-widget-container\">\n\t\t\t\t\t\t\t\t\t\t\t\t\t\t\t<img loading=\"lazy\" decoding=\"async\" width=\"604\" height=\"734\" src=\"https:\/\/seoella.com\/wp-content\/uploads\/2025\/02\/Dashboard-4.png\" class=\"attachment-full size-full wp-image-1544\" alt=\"\" srcset=\"https:\/\/seoella.com\/wp-content\/uploads\/2025\/02\/Dashboard-4.png 604w, https:\/\/seoella.com\/wp-content\/uploads\/2025\/02\/Dashboard-4-247x300.png 247w, https:\/\/seoella.com\/wp-content\/uploads\/2025\/02\/Dashboard-4-10x12.png 10w, https:\/\/seoella.com\/wp-content\/uploads\/2025\/02\/Dashboard-4-535x650.png 535w\" sizes=\"auto, (max-width: 604px) 100vw, 604px\" title=\"\">\t\t\t\t\t\t\t\t\t\t\t\t\t\t\t<\/div>\n\t\t\t\t<\/div>\n\t\t\t\t<div class=\"elementor-element elementor-element-8c174f0 elementor-widget__width-auto elementor-hidden-mobile elementor-invisible elementor-widget elementor-widget-image\" data-id=\"8c174f0\" data-element_type=\"widget\" data-e-type=\"widget\" data-settings=\"{&quot;_animation&quot;:&quot;fadeInUp&quot;,&quot;_animation_delay&quot;:100}\" data-widget_type=\"image.default\">\n\t\t\t\t<div class=\"elementor-widget-container\">\n\t\t\t\t\t\t\t\t\t\t\t\t\t\t\t<img loading=\"lazy\" decoding=\"async\" width=\"622\" height=\"728\" src=\"https:\/\/seoella.com\/wp-content\/uploads\/2025\/02\/Dashboard-1.png\" class=\"attachment-full size-full wp-image-1548\" alt=\"\" srcset=\"https:\/\/seoella.com\/wp-content\/uploads\/2025\/02\/Dashboard-1.png 622w, https:\/\/seoella.com\/wp-content\/uploads\/2025\/02\/Dashboard-1-256x300.png 256w, https:\/\/seoella.com\/wp-content\/uploads\/2025\/02\/Dashboard-1-10x12.png 10w, https:\/\/seoella.com\/wp-content\/uploads\/2025\/02\/Dashboard-1-555x650.png 555w\" sizes=\"auto, (max-width: 622px) 100vw, 622px\" title=\"\">\t\t\t\t\t\t\t\t\t\t\t\t\t\t\t<\/div>\n\t\t\t\t<\/div>\n\t\t\t\t<\/div>\n\t\t<div class=\"elementor-element elementor-element-583412c0 e-flex e-con-boxed e-con e-child\" data-id=\"583412c0\" data-element_type=\"container\" data-e-type=\"container\" data-settings=\"{&quot;_ha_eqh_enable&quot;:false}\">\n\t\t\t\t\t<div class=\"e-con-inner\">\n\t\t\t\t<div class=\"elementor-element elementor-element-21a68af4 elementor-widget__width-initial elementor-widget elementor-widget-heading\" data-id=\"21a68af4\" data-element_type=\"widget\" data-e-type=\"widget\" data-widget_type=\"heading.default\">\n\t\t\t\t<div class=\"elementor-widget-container\">\n\t\t\t\t\t<h4 class=\"elementor-heading-title elementor-size-default\">La confiance des grandes entreprises<\/h4>\t\t\t\t<\/div>\n\t\t\t\t<\/div>\n\t\t\t\t<div class=\"elementor-element elementor-element-22a54e5 ha-logo-grid--col-5 ha-logo-grid--box ha-logo-grid--col--tablet2 ha-logo-grid--col--mobile2 elementor-widget elementor-widget-ha-logo-grid happy-addon ha-logo-grid\" data-id=\"22a54e5\" data-element_type=\"widget\" data-e-type=\"widget\" data-widget_type=\"ha-logo-grid.default\">\n\t\t\t\t<div class=\"elementor-widget-container\">\n\t\t\t\t\t\n        <div class=\"ha-logo-grid-wrapper\">\n                            <a class=\"ha-logo-grid-item ha-logo-grid-link\" href=\"#\" target=\"_blank\" rel=\"nofollow\">\n                    <figure class=\"ha-logo-grid-figure\">\n                    <img loading=\"lazy\" decoding=\"async\" width=\"1000\" height=\"469\" src=\"https:\/\/seoella.com\/wp-content\/uploads\/2025\/02\/logoipsum-1024x480.png\" class=\"ha-logo-grid-img elementor-animation-\" alt=\"\" srcset=\"https:\/\/seoella.com\/wp-content\/uploads\/2025\/02\/logoipsum-1024x480.png 1024w, https:\/\/seoella.com\/wp-content\/uploads\/2025\/02\/logoipsum-300x141.png 300w, https:\/\/seoella.com\/wp-content\/uploads\/2025\/02\/logoipsum-768x360.png 768w, https:\/\/seoella.com\/wp-content\/uploads\/2025\/02\/logoipsum-18x8.png 18w, https:\/\/seoella.com\/wp-content\/uploads\/2025\/02\/logoipsum-650x305.png 650w, https:\/\/seoella.com\/wp-content\/uploads\/2025\/02\/logoipsum.png 1067w\" sizes=\"auto, (max-width: 1000px) 100vw, 1000px\" title=\"\">                    <\/figure>\n                <\/a>\n                            <a class=\"ha-logo-grid-item ha-logo-grid-link\" href=\"#\" target=\"_blank\" rel=\"nofollow\">\n                    <figure class=\"ha-logo-grid-figure\">\n                    <img loading=\"lazy\" decoding=\"async\" width=\"1000\" height=\"469\" src=\"https:\/\/seoella.com\/wp-content\/uploads\/2025\/02\/logoipsum-1024x480.png\" class=\"ha-logo-grid-img elementor-animation-\" alt=\"\" srcset=\"https:\/\/seoella.com\/wp-content\/uploads\/2025\/02\/logoipsum-1024x480.png 1024w, https:\/\/seoella.com\/wp-content\/uploads\/2025\/02\/logoipsum-300x141.png 300w, https:\/\/seoella.com\/wp-content\/uploads\/2025\/02\/logoipsum-768x360.png 768w, https:\/\/seoella.com\/wp-content\/uploads\/2025\/02\/logoipsum-18x8.png 18w, https:\/\/seoella.com\/wp-content\/uploads\/2025\/02\/logoipsum-650x305.png 650w, https:\/\/seoella.com\/wp-content\/uploads\/2025\/02\/logoipsum.png 1067w\" sizes=\"auto, (max-width: 1000px) 100vw, 1000px\" title=\"\">                    <\/figure>\n                <\/a>\n                            <a class=\"ha-logo-grid-item ha-logo-grid-link\" href=\"#\" target=\"_blank\" rel=\"nofollow\">\n                    <figure class=\"ha-logo-grid-figure\">\n                    <img loading=\"lazy\" decoding=\"async\" width=\"1000\" height=\"469\" src=\"https:\/\/seoella.com\/wp-content\/uploads\/2025\/02\/logoipsum-1024x480.png\" class=\"ha-logo-grid-img elementor-animation-\" alt=\"\" srcset=\"https:\/\/seoella.com\/wp-content\/uploads\/2025\/02\/logoipsum-1024x480.png 1024w, https:\/\/seoella.com\/wp-content\/uploads\/2025\/02\/logoipsum-300x141.png 300w, https:\/\/seoella.com\/wp-content\/uploads\/2025\/02\/logoipsum-768x360.png 768w, https:\/\/seoella.com\/wp-content\/uploads\/2025\/02\/logoipsum-18x8.png 18w, https:\/\/seoella.com\/wp-content\/uploads\/2025\/02\/logoipsum-650x305.png 650w, https:\/\/seoella.com\/wp-content\/uploads\/2025\/02\/logoipsum.png 1067w\" sizes=\"auto, (max-width: 1000px) 100vw, 1000px\" title=\"\">                    <\/figure>\n                <\/a>\n                            <a class=\"ha-logo-grid-item ha-logo-grid-link\" href=\"#\" target=\"_blank\" rel=\"nofollow\">\n                    <figure class=\"ha-logo-grid-figure\">\n                    <img loading=\"lazy\" decoding=\"async\" width=\"1000\" height=\"469\" src=\"https:\/\/seoella.com\/wp-content\/uploads\/2025\/02\/logoipsum-1024x480.png\" class=\"ha-logo-grid-img elementor-animation-\" alt=\"\" srcset=\"https:\/\/seoella.com\/wp-content\/uploads\/2025\/02\/logoipsum-1024x480.png 1024w, https:\/\/seoella.com\/wp-content\/uploads\/2025\/02\/logoipsum-300x141.png 300w, https:\/\/seoella.com\/wp-content\/uploads\/2025\/02\/logoipsum-768x360.png 768w, https:\/\/seoella.com\/wp-content\/uploads\/2025\/02\/logoipsum-18x8.png 18w, https:\/\/seoella.com\/wp-content\/uploads\/2025\/02\/logoipsum-650x305.png 650w, https:\/\/seoella.com\/wp-content\/uploads\/2025\/02\/logoipsum.png 1067w\" sizes=\"auto, (max-width: 1000px) 100vw, 1000px\" title=\"\">                    <\/figure>\n                <\/a>\n                            <a class=\"ha-logo-grid-item ha-logo-grid-link\" href=\"#\" target=\"_blank\" rel=\"nofollow\">\n                    <figure class=\"ha-logo-grid-figure\">\n                    <img loading=\"lazy\" decoding=\"async\" width=\"1000\" height=\"469\" src=\"https:\/\/seoella.com\/wp-content\/uploads\/2025\/02\/logoipsum-1024x480.png\" class=\"ha-logo-grid-img elementor-animation-\" alt=\"\" srcset=\"https:\/\/seoella.com\/wp-content\/uploads\/2025\/02\/logoipsum-1024x480.png 1024w, https:\/\/seoella.com\/wp-content\/uploads\/2025\/02\/logoipsum-300x141.png 300w, https:\/\/seoella.com\/wp-content\/uploads\/2025\/02\/logoipsum-768x360.png 768w, https:\/\/seoella.com\/wp-content\/uploads\/2025\/02\/logoipsum-18x8.png 18w, https:\/\/seoella.com\/wp-content\/uploads\/2025\/02\/logoipsum-650x305.png 650w, https:\/\/seoella.com\/wp-content\/uploads\/2025\/02\/logoipsum.png 1067w\" sizes=\"auto, (max-width: 1000px) 100vw, 1000px\" title=\"\">                    <\/figure>\n                <\/a>\n                    <\/div>\n\n        \t\t\t\t<\/div>\n\t\t\t\t<\/div>\n\t\t\t\t\t<\/div>\n\t\t\t\t<\/div>\n\t\t\t\t<\/div>\n\t\t\t\t\t<\/div>\n\t\t\t\t<\/div>\n\t\t<div class=\"elementor-element elementor-element-50b89a69 e-flex e-con-boxed e-con e-parent\" data-id=\"50b89a69\" data-element_type=\"container\" data-e-type=\"container\" data-settings=\"{&quot;_ha_eqh_enable&quot;:false}\">\n\t\t\t\t\t<div class=\"e-con-inner\">\n\t\t<div class=\"elementor-element elementor-element-2c250101 e-con-full e-flex e-con e-child\" data-id=\"2c250101\" data-element_type=\"container\" data-e-type=\"container\" data-settings=\"{&quot;_ha_eqh_enable&quot;:false}\">\n\t\t<div class=\"elementor-element elementor-element-b70453c e-con-full e-flex e-con e-child\" data-id=\"b70453c\" data-element_type=\"container\" data-e-type=\"container\" data-settings=\"{&quot;_ha_eqh_enable&quot;:false}\">\n\t\t\t\t<div class=\"elementor-element elementor-element-fc41ede elementor-widget elementor-widget-heading\" data-id=\"fc41ede\" data-element_type=\"widget\" data-e-type=\"widget\" data-widget_type=\"heading.default\">\n\t\t\t\t<div class=\"elementor-widget-container\">\n\t\t\t\t\t<h2 class=\"elementor-heading-title elementor-size-default\">Vous \u00eates occup\u00e9 \u00e0 g\u00e9rer votre entreprise ? Laissez l'IA s'occuper du r\u00e9f\u00e9rencement<\/h2>\t\t\t\t<\/div>\n\t\t\t\t<\/div>\n\t\t\t\t<div class=\"elementor-element elementor-element-c14b632 elementor-widget elementor-widget-text-editor\" data-id=\"c14b632\" data-element_type=\"widget\" data-e-type=\"widget\" data-widget_type=\"text-editor.default\">\n\t\t\t\t<div class=\"elementor-widget-container\">\n\t\t\t\t\t\t\t\t\t<p>Diriger une entreprise, c'est jongler avec une centaine de choses \u00e0 la fois - le r\u00e9f\u00e9rencement ne devrait pas en faire partie. Au lieu de passer des heures sur des \u00e9ditions interminables, laissez Ella s'en charger. Notre IA effectue des optimisations en temps r\u00e9el, de sorte que votre site reste visible pendant que vous vous concentrez sur ce qui compte.<\/p>\t\t\t\t\t\t\t\t<\/div>\n\t\t\t\t<\/div>\n\t\t<div class=\"elementor-element elementor-element-388bbaf e-con-full e-flex e-con e-child\" data-id=\"388bbaf\" data-element_type=\"container\" data-e-type=\"container\" data-settings=\"{&quot;background_background&quot;:&quot;classic&quot;,&quot;_ha_eqh_enable&quot;:false}\">\n\t\t\t\t<div class=\"elementor-element elementor-element-0813744 elementor-align-center elementor-icon-list--layout-traditional elementor-list-item-link-full_width elementor-widget elementor-widget-icon-list\" data-id=\"0813744\" data-element_type=\"widget\" data-e-type=\"widget\" data-widget_type=\"icon-list.default\">\n\t\t\t\t<div class=\"elementor-widget-container\">\n\t\t\t\t\t\t\t<ul class=\"elementor-icon-list-items\">\n\t\t\t\t\t\t\t<li class=\"elementor-icon-list-item\">\n\t\t\t\t\t\t\t\t\t\t\t<span class=\"elementor-icon-list-icon\">\n\t\t\t\t\t\t\t<svg aria-hidden=\"true\" class=\"e-font-icon-svg e-fas-info-circle\" viewbox=\"0 0 512 512\" xmlns=\"http:\/\/www.w3.org\/2000\/svg\"><path d=\"M256 8C119.043 8 8 119.083 8 256c0 136.997 111.043 248 248 248s248-111.003 248-248C504 119.083 392.957 8 256 8zm0 110c23.196 0 42 18.804 42 42s-18.804 42-42 42-42-18.804-42-42 18.804-42 42-42zm56 254c0 6.627-5.373 12-12 12h-88c-6.627 0-12-5.373-12-12v-24c0-6.627 5.373-12 12-12h12v-64h-12c-6.627 0-12-5.373-12-12v-24c0-6.627 5.373-12 12-12h64c6.627 0 12 5.373 12 12v100h12c6.627 0 12 5.373 12 12v24z\"><\/path><\/svg>\t\t\t\t\t\t<\/span>\n\t\t\t\t\t\t\t\t\t\t<span class=\"elementor-icon-list-text\">Nous nous int\u00e9grons \u00e0 n'importe quel CMS ou plateforme de site web<\/span>\n\t\t\t\t\t\t\t\t\t<\/li>\n\t\t\t\t\t\t<\/ul>\n\t\t\t\t\t\t<\/div>\n\t\t\t\t<\/div>\n\t\t\t\t<\/div>\n\t\t\t\t<\/div>\n\t\t<div class=\"elementor-element elementor-element-3d2edf9 e-con-full e-flex e-con e-child\" data-id=\"3d2edf9\" data-element_type=\"container\" data-e-type=\"container\" data-settings=\"{&quot;background_background&quot;:&quot;classic&quot;,&quot;_ha_eqh_enable&quot;:false}\">\n\t\t\t\t<div class=\"elementor-element elementor-element-75663a63 elementor-widget__width-initial elementor-absolute elementor-widget-tablet__width-initial animated-fast elementor-widget-mobile__width-initial elementor-invisible elementor-widget elementor-widget-image\" data-id=\"75663a63\" data-element_type=\"widget\" data-e-type=\"widget\" data-settings=\"{&quot;_position&quot;:&quot;absolute&quot;,&quot;_animation&quot;:&quot;zoomIn&quot;,&quot;_animation_delay&quot;:200}\" data-widget_type=\"image.default\">\n\t\t\t\t<div class=\"elementor-widget-container\">\n\t\t\t\t\t\t\t\t\t\t\t\t\t\t\t<img loading=\"lazy\" decoding=\"async\" width=\"486\" height=\"298\" src=\"https:\/\/seoella.com\/wp-content\/uploads\/2025\/02\/Dashboard-2-1.png\" class=\"attachment-full size-full wp-image-1538\" alt=\"\" srcset=\"https:\/\/seoella.com\/wp-content\/uploads\/2025\/02\/Dashboard-2-1.png 486w, https:\/\/seoella.com\/wp-content\/uploads\/2025\/02\/Dashboard-2-1-300x184.png 300w, https:\/\/seoella.com\/wp-content\/uploads\/2025\/02\/Dashboard-2-1-18x12.png 18w\" sizes=\"auto, (max-width: 486px) 100vw, 486px\" title=\"\">\t\t\t\t\t\t\t\t\t\t\t\t\t\t\t<\/div>\n\t\t\t\t<\/div>\n\t\t\t\t<div class=\"elementor-element elementor-element-4af27c03 elementor-widget__width-initial elementor-absolute elementor-widget-tablet__width-initial animated-fast elementor-widget-mobile__width-initial elementor-invisible elementor-widget elementor-widget-image\" data-id=\"4af27c03\" data-element_type=\"widget\" data-e-type=\"widget\" data-settings=\"{&quot;_position&quot;:&quot;absolute&quot;,&quot;_animation&quot;:&quot;zoomIn&quot;,&quot;_animation_delay&quot;:100}\" data-widget_type=\"image.default\">\n\t\t\t\t<div class=\"elementor-widget-container\">\n\t\t\t\t\t\t\t\t\t\t\t\t\t\t\t<img loading=\"lazy\" decoding=\"async\" width=\"262\" height=\"140\" src=\"https:\/\/seoella.com\/wp-content\/uploads\/2025\/02\/visitors.png\" class=\"attachment-full size-full wp-image-1554\" alt=\"\" srcset=\"https:\/\/seoella.com\/wp-content\/uploads\/2025\/02\/visitors.png 262w, https:\/\/seoella.com\/wp-content\/uploads\/2025\/02\/visitors-18x10.png 18w\" sizes=\"auto, (max-width: 262px) 100vw, 262px\" title=\"\">\t\t\t\t\t\t\t\t\t\t\t\t\t\t\t<\/div>\n\t\t\t\t<\/div>\n\t\t\t\t<\/div>\n\t\t\t\t<\/div>\n\t\t\t\t\t<\/div>\n\t\t\t\t<\/div>\n\t\t<div class=\"elementor-element elementor-element-3d9e9ab4 e-flex e-con-boxed e-con e-parent\" data-id=\"3d9e9ab4\" data-element_type=\"container\" data-e-type=\"container\" data-settings=\"{&quot;background_background&quot;:&quot;classic&quot;,&quot;_ha_eqh_enable&quot;:false}\">\n\t\t\t\t\t<div class=\"e-con-inner\">\n\t\t\t\t<div class=\"elementor-element elementor-element-192282c elementor-widget elementor-widget-heading\" data-id=\"192282c\" data-element_type=\"widget\" data-e-type=\"widget\" data-widget_type=\"heading.default\">\n\t\t\t\t<div class=\"elementor-widget-container\">\n\t\t\t\t\t<h2 class=\"elementor-heading-title elementor-size-default\">Ne nous croyez pas sur parole<\/h2>\t\t\t\t<\/div>\n\t\t\t\t<\/div>\n\t\t\t\t<div class=\"elementor-element elementor-element-62f81ab elementor-widget elementor-widget-heading\" data-id=\"62f81ab\" data-element_type=\"widget\" data-e-type=\"widget\" data-widget_type=\"heading.default\">\n\t\t\t\t<div class=\"elementor-widget-container\">\n\t\t\t\t\t<h2 class=\"elementor-heading-title elementor-size-default\">Voir ce que disent nos clients<\/h2>\t\t\t\t<\/div>\n\t\t\t\t<\/div>\n\t\t\t\t\t<\/div>\n\t\t\t\t<\/div>\n\t\t<div class=\"elementor-element elementor-element-945644f e-flex e-con-boxed e-con e-parent\" data-id=\"945644f\" data-element_type=\"container\" data-e-type=\"container\" data-settings=\"{&quot;_ha_eqh_enable&quot;:false}\">\n\t\t\t\t\t<div class=\"e-con-inner\">\n\t\t<div class=\"elementor-element elementor-element-8f78ab9 e-con-full e-flex e-con e-child\" data-id=\"8f78ab9\" data-element_type=\"container\" data-e-type=\"container\" data-settings=\"{&quot;_ha_eqh_enable&quot;:false}\">\n\t\t<div class=\"elementor-element elementor-element-4803c2a e-con-full e-flex e-con e-child\" data-id=\"4803c2a\" data-element_type=\"container\" data-e-type=\"container\" data-settings=\"{&quot;_ha_eqh_enable&quot;:false}\">\n\t\t\t\t<div class=\"elementor-element elementor-element-787c3b7 elementor-widget elementor-widget-heading\" data-id=\"787c3b7\" data-element_type=\"widget\" data-e-type=\"widget\" data-widget_type=\"heading.default\">\n\t\t\t\t<div class=\"elementor-widget-container\">\n\t\t\t\t\t<h2 class=\"elementor-heading-title elementor-size-default\">Un seul tableau de bord, un contr\u00f4le complet du r\u00e9f\u00e9rencement et une vue d'ensemble<\/h2>\t\t\t\t<\/div>\n\t\t\t\t<\/div>\n\t\t\t\t<div class=\"elementor-element elementor-element-8691c96 elementor-widget elementor-widget-text-editor\" data-id=\"8691c96\" data-element_type=\"widget\" data-e-type=\"widget\" data-widget_type=\"text-editor.default\">\n\t\t\t\t<div class=\"elementor-widget-container\">\n\t\t\t\t\t\t\t\t\t<p>Examinez les recommandations SEO pilot\u00e9es par l'IA, approuvez les changements en un clic et suivez les optimisations en temps r\u00e9el, le tout \u00e0 partir d'un simple tableau de bord.<\/p>\t\t\t\t\t\t\t\t<\/div>\n\t\t\t\t<\/div>\n\t\t\t\t<\/div>\n\t\t<div class=\"elementor-element elementor-element-7db2d92 e-con-full e-flex e-con e-child\" data-id=\"7db2d92\" data-element_type=\"container\" data-e-type=\"container\" data-settings=\"{&quot;background_background&quot;:&quot;classic&quot;,&quot;_ha_eqh_enable&quot;:false}\">\n\t\t\t\t<\/div>\n\t\t\t\t<\/div>\n\t\t\t\t\t<\/div>\n\t\t\t\t<\/div>\n\t\t\t\t<\/div>","protected":false},"excerpt":{"rendered":"<p>SEO Optimization Powered by AI Most businesses don\u2019t have time to manage SEO\u2014tweaking meta tags, fixing links, and keeping up with algorithm [&hellip;]<\/p>\n","protected":false},"author":5,"featured_media":0,"parent":0,"menu_order":0,"comment_status":"closed","ping_status":"closed","template":"","meta":{"footnotes":""},"class_list":["post-1533","page","type-page","status-publish","hentry"],"_links":{"self":[{"href":"https:\/\/seoella.com\/fr\/wp-json\/wp\/v2\/pages\/1533","targetHints":{"allow":["GET"]}}],"collection":[{"href":"https:\/\/seoella.com\/fr\/wp-json\/wp\/v2\/pages"}],"about":[{"href":"https:\/\/seoella.com\/fr\/wp-json\/wp\/v2\/types\/page"}],"author":[{"embeddable":true,"href":"https:\/\/seoella.com\/fr\/wp-json\/wp\/v2\/users\/5"}],"replies":[{"embeddable":true,"href":"https:\/\/seoella.com\/fr\/wp-json\/wp\/v2\/comments?post=1533"}],"version-history":[{"count":0,"href":"https:\/\/seoella.com\/fr\/wp-json\/wp\/v2\/pages\/1533\/revisions"}],"wp:attachment":[{"href":"https:\/\/seoella.com\/fr\/wp-json\/wp\/v2\/media?parent=1533"}],"curies":[{"name":"wp","href":"https:\/\/api.w.org\/{rel}","templated":true}]}}