{"id":3,"date":"2024-05-29T09:41:08","date_gmt":"2024-05-29T09:41:08","guid":{"rendered":"https:\/\/seoella.com\/?page_id=3"},"modified":"2025-07-02T11:17:47","modified_gmt":"2025-07-02T11:17:47","slug":"integritetspolicy","status":"publish","type":"page","link":"https:\/\/seoella.com\/sv\/privacy-policy\/","title":{"rendered":"Integritetspolicy"},"content":{"rendered":"<div data-elementor-type=\"wp-page\" data-elementor-id=\"3\" class=\"elementor elementor-3\" data-elementor-settings=\"{&quot;ha_cmc_init_switcher&quot;:&quot;no&quot;,&quot;element_pack_global_tooltip_width&quot;:{&quot;unit&quot;:&quot;px&quot;,&quot;size&quot;:&quot;&quot;,&quot;sizes&quot;:[]},&quot;element_pack_global_tooltip_width_tablet&quot;:{&quot;unit&quot;:&quot;px&quot;,&quot;size&quot;:&quot;&quot;,&quot;sizes&quot;:[]},&quot;element_pack_global_tooltip_width_mobile&quot;:{&quot;unit&quot;:&quot;px&quot;,&quot;size&quot;:&quot;&quot;,&quot;sizes&quot;:[]},&quot;element_pack_global_tooltip_padding&quot;:{&quot;unit&quot;:&quot;px&quot;,&quot;top&quot;:&quot;&quot;,&quot;right&quot;:&quot;&quot;,&quot;bottom&quot;:&quot;&quot;,&quot;left&quot;:&quot;&quot;,&quot;isLinked&quot;:true},&quot;element_pack_global_tooltip_padding_tablet&quot;:{&quot;unit&quot;:&quot;px&quot;,&quot;top&quot;:&quot;&quot;,&quot;right&quot;:&quot;&quot;,&quot;bottom&quot;:&quot;&quot;,&quot;left&quot;:&quot;&quot;,&quot;isLinked&quot;:true},&quot;element_pack_global_tooltip_padding_mobile&quot;:{&quot;unit&quot;:&quot;px&quot;,&quot;top&quot;:&quot;&quot;,&quot;right&quot;:&quot;&quot;,&quot;bottom&quot;:&quot;&quot;,&quot;left&quot;:&quot;&quot;,&quot;isLinked&quot;:true},&quot;element_pack_global_tooltip_border_radius&quot;:{&quot;unit&quot;:&quot;px&quot;,&quot;top&quot;:&quot;&quot;,&quot;right&quot;:&quot;&quot;,&quot;bottom&quot;:&quot;&quot;,&quot;left&quot;:&quot;&quot;,&quot;isLinked&quot;:true},&quot;element_pack_global_tooltip_border_radius_tablet&quot;:{&quot;unit&quot;:&quot;px&quot;,&quot;top&quot;:&quot;&quot;,&quot;right&quot;:&quot;&quot;,&quot;bottom&quot;:&quot;&quot;,&quot;left&quot;:&quot;&quot;,&quot;isLinked&quot;:true},&quot;element_pack_global_tooltip_border_radius_mobile&quot;:{&quot;unit&quot;:&quot;px&quot;,&quot;top&quot;:&quot;&quot;,&quot;right&quot;:&quot;&quot;,&quot;bottom&quot;:&quot;&quot;,&quot;left&quot;:&quot;&quot;,&quot;isLinked&quot;:true}}\" data-elementor-post-type=\"page\">\n\t\t\t\t<div class=\"elementor-element elementor-element-9919aaa e-flex e-con-boxed e-con e-parent\" data-id=\"9919aaa\" data-element_type=\"container\" data-e-type=\"container\" data-settings=\"{&quot;_ha_eqh_enable&quot;:false}\">\n\t\t\t\t\t<div class=\"e-con-inner\">\n\t\t\t\t<div class=\"elementor-element elementor-element-9db2e2f elementor-widget elementor-widget-image\" data-id=\"9db2e2f\" data-element_type=\"widget\" data-e-type=\"widget\" data-widget_type=\"image.default\">\n\t\t\t\t<div class=\"elementor-widget-container\">\n\t\t\t\t\t\t\t\t\t\t\t\t\t\t\t<img loading=\"lazy\" decoding=\"async\" width=\"150\" height=\"150\" src=\"https:\/\/seoella.com\/wp-content\/uploads\/2024\/08\/Seoella-favicon-200-x-200-px-150x150.png\" class=\"attachment-thumbnail size-thumbnail wp-image-580\" alt=\"\" srcset=\"https:\/\/seoella.com\/wp-content\/uploads\/2024\/08\/Seoella-favicon-200-x-200-px-150x150.png 150w, https:\/\/seoella.com\/wp-content\/uploads\/2024\/08\/elementor\/thumbs\/Seoella-favicon-200-x-200-px-qsegpqdadhwyh678nwmzuonj1umcca1jgs5ug7v52s.png 50w, https:\/\/seoella.com\/wp-content\/uploads\/2024\/08\/Seoella-favicon-200-x-200-px.png 200w\" sizes=\"auto, (max-width: 150px) 100vw, 150px\" title=\"\">\t\t\t\t\t\t\t\t\t\t\t\t\t\t\t<\/div>\n\t\t\t\t<\/div>\n\t\t\t\t\t<\/div>\n\t\t\t\t<\/div>\n\t\t<div class=\"elementor-element elementor-element-60a4d25b e-flex e-con-boxed e-con e-parent\" data-id=\"60a4d25b\" data-element_type=\"container\" data-e-type=\"container\" data-settings=\"{&quot;_ha_eqh_enable&quot;:false}\">\n\t\t\t\t\t<div class=\"e-con-inner\">\n\t\t\t\t<div class=\"elementor-element elementor-element-7d5012c1 elementor-widget elementor-widget-text-editor\" data-id=\"7d5012c1\" data-element_type=\"widget\" data-e-type=\"widget\" data-widget_type=\"text-editor.default\">\n\t\t\t\t<div class=\"elementor-widget-container\">\n\t\t\t\t\t\t\t\t\t\n<h1 class=\"wp-block-heading\"><b>Integritetspolicy <\/b><b><\/b><\/h1>\n<p><span style=\"font-weight: 400;\">P\u00e5 Ella (\"Ella\" eller \"SeoElla.com\" eller \"oss\" eller \"vi\") respekterar vi din integritet och \u00e4r fast beslutna att skydda den information vi samlar in om dig. Denna sekretesspolicy f\u00f6rklarar hur vi samlar in, lagrar, anv\u00e4nder och delar din personligt identifierbara information och klarg\u00f6r vilka data v\u00e5rt SEO-optimeringsskript har \u00e5tkomst till. Denna policy g\u00e4ller f\u00f6r v\u00e5r webbplats (<\/span><a href=\"https:\/\/seoella.com\/sv\/\"><span style=\"font-weight: 400;\">www.seoella.com<\/span><\/a><span style=\"font-weight: 400;\">), eventuella mobila eller lokaliserade versioner och relaterade underdom\u00e4ner (tillsammans \"Webbplatsen\"), samt till v\u00e5ra tj\u00e4nster d\u00e4r det specifikt h\u00e4nvisas till dem.<\/span><\/p>\n<p><span style=\"font-weight: 400;\">Genom att anv\u00e4nda eller f\u00e5 tillg\u00e5ng till webbplatsen samtycker du till de metoder som beskrivs i denna integritetspolicy, v\u00e5ra anv\u00e4ndarvillkor och andra meddelanden som vi publicerar.<\/span><\/p>\n<p><span style=\"font-weight: 400;\">V\u00e5r plattform erbjuder omfattande SEO-hanteringsverktyg som hj\u00e4lper kunder att f\u00f6rb\u00e4ttra sin webbplats ranking och synlighet. SEO-optimeringsskriptet, som du som kund placerar p\u00e5 din webbplats, samlar endast in offentligt tillg\u00e4ngliga webbplatsdata - till exempel titlar, metabeskrivningar, rubriker, interna l\u00e4nkar och annat offentligt inneh\u00e5ll p\u00e5 sidan. Det g\u00f6r <\/span><i><span style=\"font-weight: 400;\">inte<\/span><\/i><span style=\"font-weight: 400;\"> samla in personuppgifter om dina webbplatsbes\u00f6kare eller deras surfbeteenden.<\/span><\/p>\n<p><span style=\"font-weight: 400;\">Anv\u00e4ndningen av den bredare SEOElla-plattformen styrs av separata anv\u00e4ndarvillkor; denna sekretesspolicy g\u00e4ller endast enligt vad som specifikt beskrivs nedan.<\/span><\/p>\n<p>\u00a0<\/p>\n<h3><b>1. Typer av information som vi samlar in<\/b><\/h3>\n<p><span style=\"font-weight: 400;\">Du kan ofta interagera med oss anonymt eller under en pseudonym, t.ex. n\u00e4r du surfar runt p\u00e5 webbplatsen i f\u00f6rbig\u00e5ende. Vi kommer att meddela dig n\u00e4r det \u00e4r ett alternativ.<\/span><\/p>\n<p><span style=\"font-weight: 400;\">Vi kan komma att samla in f\u00f6ljande information:<\/span><\/p>\n<ul>\n<li style=\"font-weight: 400;\" aria-level=\"1\"><b>Personlig information<\/b><span style=\"font-weight: 400;\">: Ditt anv\u00e4ndarnamn, f\u00f6r- och efternamn, e-postadress eller postadress, telefonnummer och alla andra uppgifter som du l\u00e4mnar n\u00e4r du skapar ett konto eller fyller i formul\u00e4r p\u00e5 webbplatsen.<\/span><span style=\"font-weight: 400;\"><br \/><br \/><\/span><\/li>\n<li style=\"font-weight: 400;\" aria-level=\"1\"><b>Transaktionsinformation<\/b><span style=\"font-weight: 400;\">: Uppgifter som du l\u00e4mnar n\u00e4r du beg\u00e4r information om v\u00e5ra produkter eller tj\u00e4nster.<\/span><span style=\"font-weight: 400;\"><br \/><br \/><\/span><\/li>\n<li style=\"font-weight: 400;\" aria-level=\"1\"><b>Anv\u00e4ndningsdata<\/b><span style=\"font-weight: 400;\">: Tekniska data fr\u00e5n din enhet, t.ex. IP-adress, webbl\u00e4sartyp, h\u00e4nvisnings-\/utg\u00e5ngssidor, operativsystem, datum-\/tidsst\u00e4mplar och klickstr\u00f6msdata.<\/span><span style=\"font-weight: 400;\"><br \/><br \/><\/span><\/li>\n<li style=\"font-weight: 400;\" aria-level=\"1\"><b>Anv\u00e4ndarinneh\u00e5ll<\/b><span style=\"font-weight: 400;\">: Kommentarer eller annan information som du l\u00e4gger upp p\u00e5 webbplatsen.<\/span><span style=\"font-weight: 400;\"><br \/><br \/><\/span><\/li>\n<li style=\"font-weight: 400;\" aria-level=\"1\"><b>Platsdata<\/b><span style=\"font-weight: 400;\">: Om det \u00e4r till\u00e5tet enligt lag kan vi samla in platsdata fr\u00e5n din enhet n\u00e4r du bes\u00f6ker v\u00e5r webbplats.<\/span><span style=\"font-weight: 400;\"><br \/><br \/><\/span><\/li>\n<li style=\"font-weight: 400;\" aria-level=\"1\"><b>Interaktionsdata<\/b><span style=\"font-weight: 400;\">: Information som samlas in n\u00e4r du engagerar dig i v\u00e5rt inneh\u00e5ll p\u00e5 tredjepartsplattformar, till exempel sociala medier.<\/span><span style=\"font-weight: 400;\"><br \/><br \/><\/span><\/li>\n<li style=\"font-weight: 400;\" aria-level=\"1\"><b>Data fr\u00e5n offentlig webbplats (via skript)<\/b><span style=\"font-weight: 400;\">: N\u00e4r du installerar SEOElla-skriptet kommer vi bara att samla in och analysera offentligt synliga data p\u00e5 din webbplats (till exempel H1, H2, l\u00e4nkar, metatitlar, metabeskrivningar eller annan text p\u00e5 sidan) f\u00f6r att hj\u00e4lpa dig att hantera din SEO. Vi samlar inte in personuppgifter om dina bes\u00f6kare via det h\u00e4r skriptet.<\/span><span style=\"font-weight: 400;\"><br \/><br \/><\/span><\/li>\n<\/ul>\n<p>\u00a0<\/p>\n<h3><b>2. Hur vi samlar in information<\/b><\/h3>\n<p><span style=\"font-weight: 400;\">Vi och v\u00e5ra tj\u00e4nsteleverant\u00f6rer kan samla in information p\u00e5 dessa s\u00e4tt:<\/span><\/p>\n<ul>\n<li style=\"font-weight: 400;\" aria-level=\"1\"><b>Direkta interaktioner<\/b><span style=\"font-weight: 400;\">: N\u00e4r du beg\u00e4r produkter, tj\u00e4nster eller information, fyller i formul\u00e4r eller p\u00e5 annat s\u00e4tt samarbetar med oss via webbplatsen.<\/span><span style=\"font-weight: 400;\"><br \/><br \/><\/span><\/li>\n<li style=\"font-weight: 400;\" aria-level=\"1\"><b>K\u00e4llor fr\u00e5n tredje part<\/b><span style=\"font-weight: 400;\">: F\u00f6r att uppdatera eller komplettera de uppgifter som du l\u00e4mnar eller som vi samlar in automatiskt.<\/span><span style=\"font-weight: 400;\"><br \/><br \/><\/span><\/li>\n<li style=\"font-weight: 400;\" aria-level=\"1\"><b>Automatisk datainsamling<\/b><span style=\"font-weight: 400;\">: Genom att anv\u00e4nda cookies, lokal lagring, pixeltaggar, webb-beacons och liknande tekniker. Genom att anv\u00e4nda v\u00e5r webbplats eller interagera med v\u00e5rt inneh\u00e5ll p\u00e5 tredjepartsplattformar samtycker du till anv\u00e4ndningen av dessa sp\u00e5rningsverktyg.<\/span><span style=\"font-weight: 400;\"><br \/><br \/><\/span><\/li>\n<\/ul>\n<p>\u00a0<\/p>\n<h3><b>3. Hur vi anv\u00e4nder den information vi samlar in<\/b><\/h3>\n<p><span style=\"font-weight: 400;\">Vi anv\u00e4nder din information f\u00f6r att:<\/span><\/p>\n<ul>\n<li style=\"font-weight: 400;\" aria-level=\"1\"><span style=\"font-weight: 400;\">Tillhandah\u00e5lla, underh\u00e5lla och f\u00f6rb\u00e4ttra v\u00e5r webbplats och v\u00e5ra tj\u00e4nster<\/span><span style=\"font-weight: 400;\"><br \/><br \/><\/span><\/li>\n<li style=\"font-weight: 400;\" aria-level=\"1\"><span style=\"font-weight: 400;\">Diagnostisera och l\u00f6sa tekniska problem<\/span><span style=\"font-weight: 400;\"><br \/><br \/><\/span><\/li>\n<li style=\"font-weight: 400;\" aria-level=\"1\"><span style=\"font-weight: 400;\">F\u00f6rhindra obeh\u00f6rig anv\u00e4ndning av webbplatsen eller v\u00e5ra tj\u00e4nster<\/span><span style=\"font-weight: 400;\"><br \/><br \/><\/span><\/li>\n<li style=\"font-weight: 400;\" aria-level=\"1\"><span style=\"font-weight: 400;\">Analysera anv\u00e4ndningstrender och samla in demografiska insikter<\/span><span style=\"font-weight: 400;\"><br \/><br \/><\/span><\/li>\n<li style=\"font-weight: 400;\" aria-level=\"1\"><span style=\"font-weight: 400;\">Leverera kundsupport<\/span><span style=\"font-weight: 400;\"><br \/><br \/><\/span><\/li>\n<li style=\"font-weight: 400;\" aria-level=\"1\"><span style=\"font-weight: 400;\">Kommunicera med dig, t.ex. genom nyhetsbrev eller kampanjer<\/span><span style=\"font-weight: 400;\"><br \/><br \/><\/span><\/li>\n<li style=\"font-weight: 400;\" aria-level=\"1\"><span style=\"font-weight: 400;\">Uppfylla andra syften som beskrivs vid tidpunkten f\u00f6r insamlingen eller som till\u00e5ts enligt lag<\/span><span style=\"font-weight: 400;\"><br \/><br \/><\/span><\/li>\n<\/ul>\n<p>\u00a0<\/p>\n<h3><b>4. Delning av din information<\/b><\/h3>\n<p><span style=\"font-weight: 400;\">Vi s\u00e4ljer, byter eller p\u00e5 annat s\u00e4tt \u00f6verf\u00f6r inte din personliga information utom i begr\u00e4nsade fall:<\/span><\/p>\n<ul>\n<li style=\"font-weight: 400;\" aria-level=\"1\"><b>Tj\u00e4nsteleverant\u00f6rer<\/b><span style=\"font-weight: 400;\">: F\u00f6r funktioner som hosting av infrastruktur, analys eller marknadsf\u00f6ring, enligt strikta dataskydds- och sekretessavtal.<\/span><span style=\"font-weight: 400;\"><br \/><br \/><\/span><\/li>\n<li style=\"font-weight: 400;\" aria-level=\"1\"><b>Anslutna f\u00f6retag<\/b><span style=\"font-weight: 400;\">: Moderbolag, dotterbolag och n\u00e4rst\u00e5ende bolag kan f\u00e5 tillg\u00e5ng till dina uppgifter och omfattas av samma sekretess\u00e5taganden som beskrivs h\u00e4r.<\/span><span style=\"font-weight: 400;\"><br \/><br \/><\/span><\/li>\n<li style=\"font-weight: 400;\" aria-level=\"1\"><b>R\u00e4ttsliga f\u00f6rpliktelser<\/b><span style=\"font-weight: 400;\">: N\u00e4r det kr\u00e4vs enligt lag eller f\u00f6r att skydda Ellas, v\u00e5ra anv\u00e4ndares eller allm\u00e4nhetens r\u00e4ttigheter, s\u00e4kerhet eller egendom.<\/span><span style=\"font-weight: 400;\"><br \/><br \/><\/span><\/li>\n<li style=\"font-weight: 400;\" aria-level=\"1\"><b>\u00d6verf\u00f6ring av verksamhet<\/b><span style=\"font-weight: 400;\">: I h\u00e4ndelse av fusion, f\u00f6rv\u00e4rv, konkurs eller f\u00f6rs\u00e4ljning av tillg\u00e5ngar kan din information komma att \u00f6verf\u00f6ras.<\/span><span style=\"font-weight: 400;\"><br \/><br \/><\/span><\/li>\n<li style=\"font-weight: 400;\" aria-level=\"1\"><b>Aggregerad data<\/b><span style=\"font-weight: 400;\">: Vi kan dela aggregerade eller icke-personligt identifierbara uppgifter f\u00f6r olika \u00e4ndam\u00e5l.<\/span><span style=\"font-weight: 400;\"><br \/><br \/><\/span><\/li>\n<\/ul>\n<p>\u00a0<\/p>\n<h3><b>5. Internationella \u00f6verf\u00f6ringar<\/b><\/h3>\n<p><span style=\"font-weight: 400;\">Din information kan behandlas i l\u00e4nder utanf\u00f6r ditt eget, inklusive USA eller andra l\u00e4nder d\u00e4r v\u00e5ra partners och tj\u00e4nsteleverant\u00f6rer \u00e4r verksamma. N\u00e4r vi \u00f6verf\u00f6r personuppgifter utanf\u00f6r Europeiska ekonomiska samarbetsomr\u00e5det f\u00f6rlitar vi oss p\u00e5 r\u00e4ttsligt godk\u00e4nda mekanismer, s\u00e5som Europeiska kommissionens standardavtalsklausuler (SCC), f\u00f6r att uppr\u00e4tth\u00e5lla ett likv\u00e4rdigt skydd f\u00f6r dina uppgifter.<\/span><\/p>\n<p>\u00a0<\/p>\n<h3><b>6. F\u00f6r\u00e4ndringar av kontroll<\/b><\/h3>\n<p><span style=\"font-weight: 400;\">Om Ella genomg\u00e5r en aff\u00e4rstransaktion, s\u00e5som en fusion eller ett f\u00f6rv\u00e4rv, kan din information komma att \u00f6verf\u00f6ras som en del av den transaktionen, i enlighet med denna integritetspolicy.<\/span><\/p>\n<p>\u00a0<\/p>\n<h3><b>7. Barn under 13 \u00e5r<\/b><\/h3>\n<p><span style=\"font-weight: 400;\">V\u00e5r webbplats \u00e4r inte avsedd f\u00f6r barn under 13 \u00e5r, och vi samlar inte medvetet in uppgifter fr\u00e5n dem. Om vi f\u00e5r reda p\u00e5 att vi har samlat in personuppgifter fr\u00e5n ett barn under 13 \u00e5r kommer vi omedelbart att radera dem. Kontakta oss om du tror att vi kan ha samlat in s\u00e5dana uppgifter.<\/span><\/p>\n<p>\u00a0<\/p>\n<h3><b>8. Cookies och sp\u00e5rning<\/b><\/h3>\n<p><span style=\"font-weight: 400;\">Vi anv\u00e4nder cookies och liknande sp\u00e5rningstekniker f\u00f6r funktionalitet, analys och personalisering. Du kan inaktivera cookies via dina webbl\u00e4sarinst\u00e4llningar, men vissa delar av webbplatsen kanske inte fungerar korrekt om du g\u00f6r det.<\/span><\/p>\n<p>\u00a0<\/p>\n<h3><b>9. L\u00e4nkar till tredje part<\/b><\/h3>\n<p><span style=\"font-weight: 400;\">Denna integritetspolicy g\u00e4ller inte f\u00f6r externa webbplatser som \u00e4r l\u00e4nkade fr\u00e5n v\u00e5r webbplats. Vi uppmuntrar dig att granska sekretesspolicyn f\u00f6r alla andra webbplatser du bes\u00f6ker.<\/span><\/p>\n<p>\u00a0<\/p>\n<h3><b>10. Dina r\u00e4ttigheter och valm\u00f6jligheter<\/b><\/h3>\n<ul>\n<li style=\"font-weight: 400;\" aria-level=\"1\"><b>Opt-out<\/b><span style=\"font-weight: 400;\">: Du kan n\u00e4r som helst v\u00e4lja att inte ta emot viss kommunikation fr\u00e5n oss.<\/span><span style=\"font-weight: 400;\"><br \/><br \/><\/span><\/li>\n<li style=\"font-weight: 400;\" aria-level=\"1\"><b>Hantering av kakor<\/b><span style=\"font-weight: 400;\">: Du kan blockera eller radera cookies via din webbl\u00e4sare, \u00e4ven om detta kan begr\u00e4nsa webbplatsens funktionalitet.<\/span><span style=\"font-weight: 400;\"><br \/><br \/><\/span><\/li>\n<li style=\"font-weight: 400;\" aria-level=\"1\"><b>Tillg\u00e5ng och r\u00e4ttelse<\/b><span style=\"font-weight: 400;\">: Du har r\u00e4tt att f\u00e5 tillg\u00e5ng till, korrigera eller radera dina personuppgifter - kontakta oss enligt beskrivningen nedan.<\/span><span style=\"font-weight: 400;\"><br \/><br \/><\/span><\/li>\n<\/ul>\n<p>\u00a0<\/p>\n<h3><b>11. Lagring och s\u00e4kerhet<\/b><\/h3>\n<p><span style=\"font-weight: 400;\">Vi lagrar din information p\u00e5 ett s\u00e4kert s\u00e4tt och till\u00e4mpar rimliga skydds\u00e5tg\u00e4rder. Ingen metod f\u00f6r \u00f6verf\u00f6ring eller lagring \u00e4r dock helt s\u00e4ker, och vi kan inte garantera absolut s\u00e4kerhet.<\/span><\/p>\n<p>\u00a0<\/p>\n<h3><b>12. Verkst\u00e4llighet<\/b><\/h3>\n<p><span style=\"font-weight: 400;\">Vi granskar regelbundet efterlevnaden av denna integritetspolicy. Om du har n\u00e5gra fr\u00e5gor eller funderingar \u00e4r du v\u00e4lkommen att kontakta oss s\u00e5 svarar vi s\u00e5 snart som m\u00f6jligt.<\/span><\/p>\n<p>\u00a0<\/p>\n<h3><b>13. Anv\u00e4ndarvillkor, meddelanden och \u00e4ndringar<\/b><\/h3>\n<p><span style=\"font-weight: 400;\">L\u00e4s ocks\u00e5 igenom v\u00e5ra anv\u00e4ndarvillkor. Vi kan komma att uppdatera denna sekretesspolicy \u00f6ver tid. V\u00e4sentliga \u00e4ndringar kommer att publiceras med ett meddelande och icke v\u00e4sentliga \u00e4ndringar tr\u00e4der i kraft omedelbart.<\/span><\/p>\n<p>\u00a0<\/p>\n<h3><b>14. Kontakt<\/b><\/h3>\n<p><span style=\"font-weight: 400;\">Om du har fr\u00e5gor, f\u00f6rslag eller funderingar kring denna integritetspolicy, v\u00e4nligen skicka ett e-postmeddelande till oss p\u00e5 <\/span><b>hello@seoella.com<\/b><span style=\"font-weight: 400;\">.<\/span><\/p>\n<p><br \/><br \/><\/p>\n\t\t\t\t\t\t\t\t<\/div>\n\t\t\t\t<\/div>\n\t\t\t\t\t<\/div>\n\t\t\t\t<\/div>\n\t\t\t\t<\/div>","protected":false},"excerpt":{"rendered":"<p>Privacy Policy At Ella (\u201cElla\u201d or \u201cSeoElla.com\u201d or \u201cus\u201d or \u201cwe\u201d), we respect your privacy and are committed to protecting the information [&hellip;]<\/p>\n","protected":false},"author":3,"featured_media":0,"parent":0,"menu_order":0,"comment_status":"closed","ping_status":"open","template":"","meta":{"footnotes":""},"class_list":["post-3","page","type-page","status-publish","hentry"],"_links":{"self":[{"href":"https:\/\/seoella.com\/sv\/wp-json\/wp\/v2\/pages\/3","targetHints":{"allow":["GET"]}}],"collection":[{"href":"https:\/\/seoella.com\/sv\/wp-json\/wp\/v2\/pages"}],"about":[{"href":"https:\/\/seoella.com\/sv\/wp-json\/wp\/v2\/types\/page"}],"author":[{"embeddable":true,"href":"https:\/\/seoella.com\/sv\/wp-json\/wp\/v2\/users\/3"}],"replies":[{"embeddable":true,"href":"https:\/\/seoella.com\/sv\/wp-json\/wp\/v2\/comments?post=3"}],"version-history":[{"count":0,"href":"https:\/\/seoella.com\/sv\/wp-json\/wp\/v2\/pages\/3\/revisions"}],"wp:attachment":[{"href":"https:\/\/seoella.com\/sv\/wp-json\/wp\/v2\/media?parent=3"}],"curies":[{"name":"wp","href":"https:\/\/api.w.org\/{rel}","templated":true}]}}