{"id":584,"date":"2024-08-10T11:21:40","date_gmt":"2024-08-10T11:21:40","guid":{"rendered":"https:\/\/seoella.com\/?page_id=584"},"modified":"2024-08-10T11:26:00","modified_gmt":"2024-08-10T11:26:00","slug":"anvandarvillkor","status":"publish","type":"page","link":"https:\/\/seoella.com\/sv\/terms-of-use\/","title":{"rendered":"Villkor f\u00f6r anv\u00e4ndning"},"content":{"rendered":"<div data-elementor-type=\"wp-page\" data-elementor-id=\"584\" class=\"elementor elementor-584\" data-elementor-settings=\"{&quot;ha_cmc_init_switcher&quot;:&quot;no&quot;,&quot;element_pack_global_tooltip_width&quot;:{&quot;unit&quot;:&quot;px&quot;,&quot;size&quot;:&quot;&quot;,&quot;sizes&quot;:[]},&quot;element_pack_global_tooltip_width_tablet&quot;:{&quot;unit&quot;:&quot;px&quot;,&quot;size&quot;:&quot;&quot;,&quot;sizes&quot;:[]},&quot;element_pack_global_tooltip_width_mobile&quot;:{&quot;unit&quot;:&quot;px&quot;,&quot;size&quot;:&quot;&quot;,&quot;sizes&quot;:[]},&quot;element_pack_global_tooltip_padding&quot;:{&quot;unit&quot;:&quot;px&quot;,&quot;top&quot;:&quot;&quot;,&quot;right&quot;:&quot;&quot;,&quot;bottom&quot;:&quot;&quot;,&quot;left&quot;:&quot;&quot;,&quot;isLinked&quot;:true},&quot;element_pack_global_tooltip_padding_tablet&quot;:{&quot;unit&quot;:&quot;px&quot;,&quot;top&quot;:&quot;&quot;,&quot;right&quot;:&quot;&quot;,&quot;bottom&quot;:&quot;&quot;,&quot;left&quot;:&quot;&quot;,&quot;isLinked&quot;:true},&quot;element_pack_global_tooltip_padding_mobile&quot;:{&quot;unit&quot;:&quot;px&quot;,&quot;top&quot;:&quot;&quot;,&quot;right&quot;:&quot;&quot;,&quot;bottom&quot;:&quot;&quot;,&quot;left&quot;:&quot;&quot;,&quot;isLinked&quot;:true},&quot;element_pack_global_tooltip_border_radius&quot;:{&quot;unit&quot;:&quot;px&quot;,&quot;top&quot;:&quot;&quot;,&quot;right&quot;:&quot;&quot;,&quot;bottom&quot;:&quot;&quot;,&quot;left&quot;:&quot;&quot;,&quot;isLinked&quot;:true},&quot;element_pack_global_tooltip_border_radius_tablet&quot;:{&quot;unit&quot;:&quot;px&quot;,&quot;top&quot;:&quot;&quot;,&quot;right&quot;:&quot;&quot;,&quot;bottom&quot;:&quot;&quot;,&quot;left&quot;:&quot;&quot;,&quot;isLinked&quot;:true},&quot;element_pack_global_tooltip_border_radius_mobile&quot;:{&quot;unit&quot;:&quot;px&quot;,&quot;top&quot;:&quot;&quot;,&quot;right&quot;:&quot;&quot;,&quot;bottom&quot;:&quot;&quot;,&quot;left&quot;:&quot;&quot;,&quot;isLinked&quot;:true}}\" data-elementor-post-type=\"page\">\n\t\t\t\t<div class=\"elementor-element elementor-element-9919aaa e-flex e-con-boxed e-con e-parent\" data-id=\"9919aaa\" data-element_type=\"container\" data-e-type=\"container\" data-settings=\"{&quot;_ha_eqh_enable&quot;:false}\">\n\t\t\t\t\t<div class=\"e-con-inner\">\n\t\t\t\t<div class=\"elementor-element elementor-element-9db2e2f elementor-widget elementor-widget-image\" data-id=\"9db2e2f\" data-element_type=\"widget\" data-e-type=\"widget\" data-widget_type=\"image.default\">\n\t\t\t\t<div class=\"elementor-widget-container\">\n\t\t\t\t\t\t\t\t\t\t\t\t\t\t\t<img loading=\"lazy\" decoding=\"async\" width=\"150\" height=\"150\" src=\"https:\/\/seoella.com\/wp-content\/uploads\/2024\/08\/Seoella-favicon-200-x-200-px-150x150.png\" class=\"attachment-thumbnail size-thumbnail wp-image-580\" alt=\"\" srcset=\"https:\/\/seoella.com\/wp-content\/uploads\/2024\/08\/Seoella-favicon-200-x-200-px-150x150.png 150w, https:\/\/seoella.com\/wp-content\/uploads\/2024\/08\/elementor\/thumbs\/Seoella-favicon-200-x-200-px-qsegpqdadhwyh678nwmzuonj1umcca1jgs5ug7v52s.png 50w, https:\/\/seoella.com\/wp-content\/uploads\/2024\/08\/Seoella-favicon-200-x-200-px.png 200w\" sizes=\"auto, (max-width: 150px) 100vw, 150px\" title=\"\">\t\t\t\t\t\t\t\t\t\t\t\t\t\t\t<\/div>\n\t\t\t\t<\/div>\n\t\t\t\t\t<\/div>\n\t\t\t\t<\/div>\n\t\t<div class=\"elementor-element elementor-element-60a4d25b e-flex e-con-boxed e-con e-parent\" data-id=\"60a4d25b\" data-element_type=\"container\" data-e-type=\"container\" data-settings=\"{&quot;_ha_eqh_enable&quot;:false}\">\n\t\t\t\t\t<div class=\"e-con-inner\">\n\t\t\t\t<div class=\"elementor-element elementor-element-7d5012c1 elementor-widget elementor-widget-text-editor\" data-id=\"7d5012c1\" data-element_type=\"widget\" data-e-type=\"widget\" data-widget_type=\"text-editor.default\">\n\t\t\t\t<div class=\"elementor-widget-container\">\n\t\t\t\t\t\t\t\t\t\n<p><strong>Villkor f\u00f6r anv\u00e4ndning<\/strong><\/p>\n<p><strong>Godk\u00e4nnande av villkor:<\/strong> V\u00e4lkommen till SeoElla.com eller \"Ellas\" webbplats (\"Webbplatsen\"). Ella tillhandah\u00e5ller sin webbplats och sina tj\u00e4nster (tillsammans \"Tj\u00e4nsterna\") till kunder och bes\u00f6kare p\u00e5 denna webbplats (\"Du\", \"Din\") i enlighet med dessa villkor och dess integritetspolicy. Genom att g\u00e5 in p\u00e5 webbplatsen eller anv\u00e4nda tj\u00e4nsterna samtycker du till och \u00e4r bunden av dessa anv\u00e4ndarvillkor och den tillh\u00f6rande integritetspolicyn (gemensamt kallade \"villkoren\"). Villkoren reglerar din tillg\u00e5ng till och anv\u00e4ndning av Ellas tj\u00e4nster, inklusive webbplatsen, och all information, text eller material som laddas upp, laddas ner eller visas p\u00e5 tj\u00e4nsterna (\"inneh\u00e5llet\"). Om Du \u00e4r kund hos Ella kompletterar Villkoren Ditt nuvarande abonnemangsavtal i den m\u00e5n de inte strider mot det avtalet. Om Du inte accepterar Villkoren f\u00e5r Du inte komma \u00e5t eller anv\u00e4nda Webbplatsen. Du kan avsluta ditt avtal med Ella genom att avaktivera ditt konto och avbryta din anv\u00e4ndning av Tj\u00e4nsterna.<\/p>\n<p>Ella f\u00f6rbeh\u00e5ller sig r\u00e4tten att n\u00e4r som helst uppdatera eller revidera Villkoren. Dessa \u00e4ndringar kommer inte att vara retroaktiva. Om vi g\u00f6r n\u00e5gra \u00e4ndringar i villkoren kommer de nya villkoren att publiceras p\u00e5 webbplatsen med ett uppdaterat datum f\u00f6r \"senast reviderad\". De uppdaterade anv\u00e4ndarvillkoren kommer att styra varje anv\u00e4ndning av webbplatsen fr\u00e5n och med uppdateringsdatumet. D\u00e4rf\u00f6r uppmuntrar vi dig att kontrollera de till\u00e4mpliga villkoren n\u00e4r du anv\u00e4nder webbplatsen.<\/p>\n<p><strong>Tillg\u00e5ng till och anv\u00e4ndning av webbplatsen:<\/strong> Ellas kunder ges tillg\u00e5ng till Webbplatsen i enlighet med Villkoren och det g\u00e4llande abonnemangsavtalet. Alla andra anv\u00e4ndare har tillg\u00e5ng till Webbplatsen i enlighet med Villkoren och endast i syfte att utv\u00e4rdera om det \u00e4r \u00f6nskv\u00e4rt att bli kund hos Ella. Tillg\u00e5ng till Webbplatsen \u00e4r inte auktoriserad eller till\u00e5ten av faktiska eller potentiella konkurrenter till Ella. Du f\u00e5r inte anv\u00e4nda webbplatsen f\u00f6r n\u00e5got olagligt eller obeh\u00f6rigt \u00e4ndam\u00e5l och ska inte, genom att anv\u00e4nda webbplatsen, bryta mot n\u00e5gra lagar, inklusive men inte begr\u00e4nsat till immateriella r\u00e4ttigheter, skadest\u00e5nd, f\u00f6rtal eller andra till\u00e4mpliga lagar.<\/p>\n<p><strong>Kundtillg\u00e4ngliga delar av webbplatsen:<\/strong> Vissa delar av Webbplatsen \u00e4r endast tillg\u00e4ngliga via l\u00f6senord f\u00f6r befintliga Ella-kunder. Om du inte \u00e4r kund hos Ella f\u00e5r du inte komma \u00e5t eller f\u00f6rs\u00f6ka komma \u00e5t dessa delar av webbplatsen. Om du \u00f6ppnar ett konto via en online-registreringsprocess m\u00e5ste du slutf\u00f6ra registreringsprocessen genom att f\u00f6rse oss med aktuell, fullst\u00e4ndig och korrekt information som efterfr\u00e5gas i det till\u00e4mpliga registreringsformul\u00e4ret. Du kommer ocks\u00e5 att v\u00e4lja ett l\u00f6senord och ett anv\u00e4ndarnamn. Du \u00e4r helt ansvarig f\u00f6r att h\u00e5lla ditt l\u00f6senord och konto konfidentiellt. Vidare \u00e4r du helt ansvarig f\u00f6r alla aktiviteter som sker under ditt konto. Du samtycker till att omedelbart meddela Ella om obeh\u00f6rig anv\u00e4ndning av ditt konto eller om n\u00e5got annat brott mot s\u00e4kerheten. Ella \u00e4r inte ansvarig f\u00f6r f\u00f6rlust som du kan \u00e5dra dig till f\u00f6ljd av att n\u00e5gon annan anv\u00e4nder ditt l\u00f6senord eller konto, med eller utan din vetskap. Du kan dock h\u00e5llas ansvarig f\u00f6r f\u00f6rluster som Ella eller annan part \u00e5samkas p\u00e5 grund av att n\u00e5gon annan anv\u00e4nder ditt konto eller l\u00f6senord.<\/p>\n<p><strong>F\u00f6rbeh\u00e5ll f\u00f6r r\u00e4ttigheter:<\/strong> Webbplatsen \u00e4r immateriell egendom som tillh\u00f6r Ella och\/eller dess licensgivare. Funktionalitet som \u00e4r tillg\u00e4nglig via Webbplatsen \u00e4r ocks\u00e5 patents\u00f6kt. Alla r\u00e4ttigheter, titlar och intressen som inte uttryckligen beviljas med avseende p\u00e5 Webbplatsen f\u00f6rbeh\u00e5lls. Allt inneh\u00e5ll som tillhandah\u00e5lls via Webbplatsen tillhandah\u00e5lls i befintligt skick och i m\u00e5n av tillg\u00e5ng.<\/p>\n<p><strong>L\u00e4nkar till webbplatser fr\u00e5n tredje part:<\/strong> Webbplatsen kan inneh\u00e5lla l\u00e4nkar till tredje parts webbplatser. Ella ansvarar inte f\u00f6r inneh\u00e5ll, produkter eller tj\u00e4nster fr\u00e5n tredje part som tillhandah\u00e5lls p\u00e5 eller via s\u00e5dana webbplatser fr\u00e5n tredje part, och du b\u00e4r alla risker som \u00e4r f\u00f6rknippade med \u00e5tkomst och anv\u00e4ndning av s\u00e5dana webbplatser och inneh\u00e5ll, produkter och tj\u00e4nster fr\u00e5n tredje part.<\/p>\n<p><strong>Anv\u00e4ndartillhandah\u00e5llet material:<\/strong> Du beh\u00e5ller dina r\u00e4ttigheter till allt inneh\u00e5ll eller material som du skickar in, publicerar eller visar p\u00e5 eller via webbplatsen eller tj\u00e4nsterna. Genom att skicka in eller visa s\u00e5dant inneh\u00e5ll eller material via Tj\u00e4nsterna ger du Ella och dess dotterbolag och r\u00e4ttighetshavare en v\u00e4rldsomsp\u00e4nnande, icke-exklusiv, royaltyfri, evig r\u00e4tt till licens (och underlicensiering) att anv\u00e4nda, kopiera, reproducera, bearbeta, publicera, \u00f6verf\u00f6ra, visa eller distribuera s\u00e5dant inneh\u00e5ll eller material i alla medier, inklusive utan begr\u00e4nsning alla bloggkommentarer och inskickade medier.<\/p>\n<p><strong>Undantag och upps\u00e4gningar:<\/strong> Ella f\u00f6rbeh\u00e5ller sig r\u00e4tten att neka dig tillg\u00e5ng till alla eller n\u00e5gon av Tj\u00e4nsterna, avsluta konton eller begr\u00e4nsa tillg\u00e5ngen till Tj\u00e4nsterna efter eget gottfinnande, utan eller av n\u00e5gon anledning, inklusive, men inte begr\u00e4nsat till, om Ella sk\u00e4ligen anser att: (a) du har brutit mot n\u00e5gra Villkor; (b) du skapar en risk eller m\u00f6jlig juridisk exponering f\u00f6r Ella eller dess dotterbolag; (c) ditt konto har \u00e4gnat sig \u00e5t olagligt beteende; eller (d) ditt konto b\u00f6r tas bort p\u00e5 grund av l\u00e5ngvarig inaktivitet eller tillhandah\u00e5llande av Tj\u00e4nster till dig inte l\u00e4ngre \u00e4r kommersiellt genomf\u00f6rbart. Ella kommer att g\u00f6ra rimliga anstr\u00e4ngningar f\u00f6r att meddela Dig om s\u00e5dan uteslutning eller upps\u00e4gning. I vilket fall som helst ska Din licens att anv\u00e4nda Tj\u00e4nsterna upph\u00f6ra vid upps\u00e4gning.<\/p>\n<p><strong>Skadest\u00e5ndsskyldighet:<\/strong> Du samtycker till att ers\u00e4tta och h\u00e5lla Ella, dess tj\u00e4nstem\u00e4n, styrelseledam\u00f6ter, anst\u00e4llda och ombud skadesl\u00f6sa fr\u00e5n och mot alla anspr\u00e5k, skulder, skador, f\u00f6rluster eller utgifter, inklusive rimliga advokatarvoden och kostnader, p\u00e5 grund av eller till f\u00f6ljd av inneh\u00e5ll eller material som du laddar upp (via blogg, kontaktformul\u00e4r, instrumentpanel eller p\u00e5 annat s\u00e4tt), din \u00f6vertr\u00e4delse av anv\u00e4ndarvillkoren f\u00f6r webbplatsen eller din \u00f6vertr\u00e4delse eller kr\u00e4nkning av tredje parts r\u00e4ttigheter.<\/p>\n<p><strong>Ansvarsfriskrivning:<\/strong> OM INTE ANNAT UTTRYCKLIGEN ANGES TILLHANDAH\u00c5LLS WEBBPLATSEN, OCH ALLT INNEH\u00c5LL SOM TILLHANDAH\u00c5LLS P\u00c5 ELLER VIA WEBBPLATSEN, I BEFINTLIGT SKICK OCH I M\u00c5N AV TILLG\u00c5NG. ELLA FR\u00c5NS\u00c4GER SIG UTTRYCKLIGEN ALLA GARANTIER AV N\u00c5GOT SLAG, VARE SIG UTTRYCKLIGA ELLER UNDERF\u00d6RST\u00c5DDA, INKLUSIVE, MEN INTE BEGR\u00c4NSAT TILL, UNDERF\u00d6RST\u00c5DDA GARANTIER OM S\u00c4LJBARHET, L\u00c4MPLIGHET F\u00d6R ETT VISST \u00c4NDAM\u00c5L OCH ICKE-INTR\u00c5NG MED AVSEENDE P\u00c5 WEBBPLATSEN OCH ALLT INNEH\u00c5LL SOM TILLHANDAH\u00c5LLS P\u00c5 ELLER VIA WEBBPLATSEN. ELLA L\u00c4MNAR INGA GARANTIER F\u00d6R ATT: (A) WEBBPLATSEN ELLER INNEH\u00c5LLET UPPFYLLER DINA KRAV; (B) WEBBPLATSEN \u00c4R TILLG\u00c4NGLIG UTAN AVBROTT, I R\u00c4TT TID, S\u00c4KERT ELLER FELFRITT; (C) DE RESULTAT SOM KAN ERH\u00c5LLAS GENOM ANV\u00c4NDNING AV WEBBPLATSEN ELLER INNEH\u00c5LL SOM TILLHANDAH\u00c5LLS P\u00c5 ELLER VIA WEBBPLATSEN \u00c4R KORREKTA ELLER TILLF\u00d6RLITLIGA; (D) TJ\u00c4NSTERNA FUNGERAR I KOMBINATION MED ANNAN MASKINVARA, PROGRAMVARA, SYSTEM ELLER DATA; ELLER (E) KVALITETEN P\u00c5 INNEH\u00c5LL SOM DU K\u00d6PER ELLER ERH\u00c5LLER P\u00c5 ELLER VIA WEBBPLATSEN UPPFYLLER DINA F\u00d6RV\u00c4NTNINGAR.<\/p>\n<p>ALLT INNEH\u00c5LL SOM N\u00c5S, LADDAS NER ELLER P\u00c5 ANNAT S\u00c4TT ERH\u00c5LLS P\u00c5 ELLER GENOM ANV\u00c4NDNING AV WEBBPLATSEN ANV\u00c4NDS EFTER EGET GOTTFINNANDE OCH P\u00c5 EGEN RISK. ELLA HAR INGET ANSVAR F\u00d6R SKADA P\u00c5 DITT DATORSYSTEM ELLER F\u00d6RLUST AV DATA SOM UPPST\u00c5R TILL F\u00d6LJD AV NEDLADDNING ELLER ANV\u00c4NDNING AV INNEH\u00c5LL.<\/p>\n<p>ELLA F\u00d6RBEH\u00c5LLER SIG R\u00c4TTEN ATT G\u00d6RA \u00c4NDRINGAR ELLER UPPDATERINGAR AV, OCH \u00d6VERVAKA ANV\u00c4NDNINGEN AV, WEBBPLATSEN OCH INNEH\u00c5LL SOM TILLHANDAH\u00c5LLS P\u00c5 ELLER VIA WEBBPLATSEN N\u00c4R SOM HELST UTAN F\u00d6REG\u00c5ENDE MEDDELANDE.<\/p>\n<p><strong>Begr\u00e4nsning av ansvar:<\/strong> ELLA SKA INTE I N\u00c5GOT FALL H\u00c5LLAS ANSVARIGT F\u00d6R DIREKTA, INDIREKTA, TILLF\u00c4LLIGA, S\u00c4RSKILDA ELLER F\u00d6LJDSKADOR ELLER SKADOR P\u00c5 GRUND AV UTEBLIVEN VINST, INT\u00c4KTER, DATA ELLER ANV\u00c4NDNING SOM DU ELLER N\u00c5GON TREDJE PART \u00c5DRAR ER, OAVSETT OM DET G\u00c4LLER EN TALAN OM AVTAL ELLER SKADEST\u00c5ND, SOM UPPST\u00c5R P\u00c5 GRUND AV DIN TILLG\u00c5NG TILL ELLER ANV\u00c4NDNING AV WEBBPLATSEN ELLER N\u00c5GOT INNEH\u00c5LL SOM TILLHANDAH\u00c5LLS P\u00c5 ELLER VIA WEBBPLATSEN.<\/p>\n<p><strong>Undantag och begr\u00e4nsningar:<\/strong> I VISSA JURISDIKTIONER \u00c4R DET INTE TILL\u00c5TET ATT FRISKRIVA SIG FR\u00c5N ELLER UTESLUTA VISSA GARANTIER ELLER ATT FRISKRIVA SIG FR\u00c5N, UTESLUTA ELLER BEGR\u00c4NSA VISSA ANSVARSSKYLDIGHETER. I DEN M\u00c5N DE ANSES VARA R\u00c4TTSLIGT OGILTIGA G\u00c4LLER INTE ANSVARSFRISKRIVNINGAR, UNDANTAG OCH BEGR\u00c4NSNINGAR SOM ANGES I DESSA ANV\u00c4NDARVILLKOR, INKLUSIVE DE SOM ANGES I AVSNITT 9 OCH 10, OCH ALLA ANDRA VILLKOR SKA FORTS\u00c4TTA ATT G\u00c4LLA FULLT UT.<\/p>\n<p><strong>Mindre:<\/strong> Den h\u00e4r webbplatsen riktar sig inte till minder\u00e5riga, minder\u00e5riga har inte r\u00e4tt att anv\u00e4nda webbplatsen och vi ber dem att inte l\u00e4mna n\u00e5gon information till oss. F\u00f6r att undvika missf\u00f6rst\u00e5nd f\u00e5r endast vuxna \u00f6ver arton (18) \u00e5r anv\u00e4nda webbplatsen eller f\u00e5 tillg\u00e5ng till tj\u00e4nsterna.<\/p>\n<p><strong>Upphovsr\u00e4tt\/varum\u00e4rke:<\/strong> Ella, SEO Ella, Ella AI, Ella AI for SEO och Ella-logotypen \u00e4r p\u00e5g\u00e5ende varum\u00e4rken som tillh\u00f6r Seode Global AB. Andra namn som f\u00f6rekommer p\u00e5 webbplatsen kan vara varum\u00e4rken som tillh\u00f6r sina respektive \u00e4gare. F\u00f6ljaktligen f\u00f6rblir webbplatsen, tj\u00e4nsterna och alla varum\u00e4rken, logotyper, dom\u00e4nnamn, programvara, s\u00e4rskiljande varum\u00e4rkesfunktioner eller \u00e4gander\u00e4tter Ellas och\/eller respektive \u00e4gares exklusiva egendom. Ella ger dig en personlig, v\u00e4rldsomsp\u00e4nnande, royaltyfri, icke \u00f6verl\u00e5tbar och icke-exklusiv licens att anv\u00e4nda dess webbplats och programvara i samband med dess tj\u00e4nster p\u00e5 det s\u00e4tt som till\u00e5ts enligt dessa villkor.<\/p>\n<p><strong>Fakturerings-, \u00e5terbetalnings- och avbokningsregler<\/strong><\/p>\n<p>14.a. <strong>P\u00e5 Ella Software:<\/strong> Medlemmen kan avbryta framtida debiteringar genom att s\u00e4ga upp sin prenumeration under fliken \"Fakturering\". D\u00e4r klickar du p\u00e5 \"V\u00e4lj en annan plan\". Klicka sedan p\u00e5 knappen \"Avbryt din prenumeration\" l\u00e4ngst ner p\u00e5 sk\u00e4rmen.<\/p>\n<p>Efter att ha tecknat abonnemanget kommer anv\u00e4ndaren att faktureras enligt abonnemangsbeloppet och d\u00e4refter var 30:e dag tills abonnemanget s\u00e4gs upp.<\/p>\n<p><strong>Alla betalningar \u00e4r ej \u00e5terbetalningsbara.<\/strong> Detta inneb\u00e4r att den f\u00f6rsta betalningen inte \u00e5terbetalas efter att betalningen har slutf\u00f6rts och medlemskapet har aktiverats.<\/p>\n<p>Genom att registrera dig godk\u00e4nner du att Ella fakturerar dig var 30:e dag tills din prenumeration s\u00e4gs upp.<\/p>\n<p>Anv\u00e4ndare kan n\u00e4r som helst s\u00e4ga upp sin prenumeration. F\u00f6r att s\u00e4ga upp ditt abonnemang, logga in p\u00e5 Ella och klicka p\u00e5 fliken \"Fakturering\". D\u00e4r klickar du p\u00e5 \"V\u00e4lj en annan plan\". Klicka sedan p\u00e5 knappen \"Avbryt din prenumeration\" l\u00e4ngst ner p\u00e5 sk\u00e4rmen.<\/p>\n<p>14.b. <strong>On Ella Tj\u00e4nster och r\u00e5dgivning:<\/strong> All f\u00f6rs\u00e4ljning av Ella Consulting and Services \u00e4r 100% slutgiltig och \u00e5terbetalas inte. Dessa kommer inte att \u00e5terbetalas under n\u00e5gra omst\u00e4ndigheter.<\/p>\n\t\t\t\t\t\t\t\t<\/div>\n\t\t\t\t<\/div>\n\t\t\t\t\t<\/div>\n\t\t\t\t<\/div>\n\t\t\t\t<\/div>","protected":false},"excerpt":{"rendered":"<p>Terms of Use Acceptance of Terms: Welcome to SeoElla.com or \u201cElla\u201d website (the \u201cSite\u201d). Ella provides its Site and services (collectively, the [&hellip;]<\/p>\n","protected":false},"author":3,"featured_media":0,"parent":0,"menu_order":0,"comment_status":"closed","ping_status":"closed","template":"","meta":{"footnotes":""},"class_list":["post-584","page","type-page","status-publish","hentry"],"_links":{"self":[{"href":"https:\/\/seoella.com\/sv\/wp-json\/wp\/v2\/pages\/584","targetHints":{"allow":["GET"]}}],"collection":[{"href":"https:\/\/seoella.com\/sv\/wp-json\/wp\/v2\/pages"}],"about":[{"href":"https:\/\/seoella.com\/sv\/wp-json\/wp\/v2\/types\/page"}],"author":[{"embeddable":true,"href":"https:\/\/seoella.com\/sv\/wp-json\/wp\/v2\/users\/3"}],"replies":[{"embeddable":true,"href":"https:\/\/seoella.com\/sv\/wp-json\/wp\/v2\/comments?post=584"}],"version-history":[{"count":0,"href":"https:\/\/seoella.com\/sv\/wp-json\/wp\/v2\/pages\/584\/revisions"}],"wp:attachment":[{"href":"https:\/\/seoella.com\/sv\/wp-json\/wp\/v2\/media?parent=584"}],"curies":[{"name":"wp","href":"https:\/\/api.w.org\/{rel}","templated":true}]}}